{"id":136,"date":"2012-08-21T13:55:06","date_gmt":"2012-08-21T11:55:06","guid":{"rendered":"http:\/\/www.moench-werbetechnik.de\/wordpress\/?page_id=136"},"modified":"2020-09-04T11:25:28","modified_gmt":"2020-09-04T09:25:28","slug":"digitaldruck","status":"publish","type":"page","link":"https:\/\/www.moench-werbetechnik.de\/?page_id=136","title":{"rendered":"Digitaldruck"},"content":{"rendered":"<p>[et_pb_section bb_built=&#8220;1&#8243; admin_label=&#8220;section&#8220; fullwidth=&#8220;on&#8220; specialty=&#8220;off&#8220;][et_pb_fullwidth_slider admin_label=&#8220;Fullwidth Slider&#8220; show_arrows=&#8220;on&#8220; show_pagination=&#8220;on&#8220; auto=&#8220;on&#8220; parallax=&#8220;off&#8220; parallax_method=&#8220;off&#8220; auto_speed=&#8220;5000&#8243; auto_ignore_hover=&#8220;off&#8220; remove_inner_shadow=&#8220;off&#8220; background_position=&#8220;default&#8220; background_size=&#8220;default&#8220; hide_content_on_mobile=&#8220;off&#8220; hide_cta_on_mobile=&#8220;off&#8220; show_image_video_mobile=&#8220;off&#8220; custom_button=&#8220;off&#8220; button_letter_spacing=&#8220;0&#8243; button_use_icon=&#8220;default&#8220; button_icon_placement=&#8220;right&#8220; button_on_hover=&#8220;on&#8220; button_letter_spacing_hover=&#8220;0&#8243;] [et_pb_slide heading=&#8220;Digitaldruck&#8220; background_image=&#8220;https:\/\/www.moench-werbetechnik.de\/wp-content\/uploads\/2012\/08\/hh-1.jpg&#8220; background_color=&#8220;#ffffff&#8220; alignment=&#8220;center&#8220; background_layout=&#8220;dark&#8220; button_text=&#8220;Rundgang&#8220; button_link=&#8220;https:\/\/www.moench-werbetechnik.de\/?page_id=86&#8243; background_position=&#8220;default&#8220; background_size=&#8220;default&#8220; use_bg_overlay=&#8220;off&#8220; use_text_overlay=&#8220;off&#8220; allow_player_pause=&#8220;off&#8220; text_border_radius=&#8220;3&#8243; header_font_select=&#8220;default&#8220; header_font=&#8220;||||&#8220; body_font_select=&#8220;default&#8220; body_font=&#8220;||||&#8220; custom_button=&#8220;on&#8220; button_border_radius=&#8220;0&#8243; button_font_select=&#8220;default&#8220; button_font=&#8220;||||&#8220; button_use_icon=&#8220;default&#8220; button_icon_placement=&#8220;right&#8220; button_on_hover=&#8220;on&#8220; \/] [\/et_pb_fullwidth_slider][\/et_pb_section][et_pb_section bb_built=&#8220;1&#8243; admin_label=&#8220;section&#8220;][et_pb_row admin_label=&#8220;row&#8220;][et_pb_column type=&#8220;1_2&#8243;][et_pb_text admin_label=&#8220;Text&#8220; background_layout=&#8220;light&#8220; text_orientation=&#8220;left&#8220;]<\/p>\n<p><strong>Wir drucken auf Systemen mit folgenden Drucktechnologien:<\/strong><\/p>\n<p>EcoSolvent Tinte (Hier drucken wir auch wei\u00df)<\/p>\n<p>Latex-Tinte<\/p>\n<p>Wir k\u00f6nnen die Drucke mit Schutzlaminat versehen und Kontur schneiden.<\/p>\n<p><strong>Gerne drucken wir auch f\u00fcr Kollegen, die selbst keinen Drucker haben<\/strong><\/p>\n<p><strong>Typische Anwendungen sind:<br>\n<\/strong>\u2022 Digitaldrucke f\u00fcr Bauschilder \/ Bauwerbung<br>\n<span style=\"line-height: 1.5;\">\u2022 gro\u00dffl\u00e4chige Fahrzeugbeschriftungen<br>\n<\/span>\u2022 Fahrzeug-Vollverklebungen (auch reflektierend) z.B. f\u00fcr LKWs<br>\n\u2022 Schilder und Displays im Au\u00dfenbereich<br>\n\u2022 Poster und Plakate<br>\n<span style=\"line-height: 1.5;\">\u2022 PVC-Planen und Netzgitter als Gro\u00dfposter (Megaposter)<br>\n<\/span><span style=\"line-height: 1.5;\">\u2022 Window-Grafik (Fensterlochfolie f\u00fcr Schaufenster und Glasfassaden)<br>\n<\/span><span style=\"line-height: 1.5;\">\u2022 Stoffbanner auf Polyester-Materialien (Brandschutzklasse B1)<\/span><\/p>\n<p>[\/et_pb_text][\/et_pb_column][et_pb_column type=&#8220;1_2&#8243;][et_pb_text admin_label=&#8220;Text&#8220; background_layout=&#8220;light&#8220; text_orientation=&#8220;left&#8220;]<\/p>\n<p><strong>Das sollten Sie beachten:<\/strong><\/p>\n<ul>\n<li>Wie lange soll das Druckerzeugnis haltbar sein?<\/li>\n<li>Ist die Datei druckf\u00e4hig (PDF, Schriften als Kurven konvertiert, Beschnitt 2mm) ?<\/li>\n<li>Soll das Material Selbstklebend sein?<\/li>\n<li>Sollen die Drucke wieder abl\u00f6sbar sein (f\u00fcr Saisonwerbung) ?<\/li>\n<li>Wie soll die Oberfl\u00e4che beschaffen sein?<\/li>\n<\/ul>\n<p>&nbsp;<\/p>\n<p>[\/et_pb_text][\/et_pb_column][\/et_pb_row][\/et_pb_section]<\/p>\n\n\n<link rel=\"stylesheet\" href=\"dsa-assets\/cookie.css\">\n\n<div class=\"bewertungen-banner\">\n    <a href=\"https:\/\/www.moench-werbetechnik.de\/?page_id=1419\">Rezensionen &amp; bewerten<\/a>\n<\/div>\n\n\n<div class=\"dsa-cookie-notice\">\n    <div class=\"cookie-inner\">\n        <p>Um unsere Webseite f\u00fcr Sie optimal zu gestalten und fortlaufend verbessern zu k\u00f6nnen, verwenden wir Cookies. Durch die weitere Nutzung der Webseite stimmen Sie der Verwendung von Cookies zu.\n            <br> Weitere Informationen zu Cookies erhalten Sie in unserer <a id=\"cookie_check\" href=\"https:\/\/moench-werbetechnik-de.dsa-secure.de\/datenschutz\" target=\"_blank\" rel=\"noopener noreferrer\">Datenschutzerkl\u00e4rung<\/a>.<\/p>\n    <\/div>\n    <a href=\"javascript:void(0)\" class=\"dsa-cookie-notice-close\">x<\/a>\n<\/div>\n\n<script src=\"dsa-assets\/cookie.js\"><\/script>\n","protected":false},"excerpt":{"rendered":"<p>Wir drucken auf Systemen mit folgenden Drucktechnologien: EcoSolvent Tinte (Hier drucken wir auch wei\u00df) Latex-Tinte Wir k\u00f6nnen die Drucke mit Schutzlaminat versehen und Kontur schneiden. Gerne drucken wir auch f\u00fcr Kollegen, die selbst keinen Drucker haben Typische Anwendungen sind: \u2022 Digitaldrucke f\u00fcr Bauschilder \/ Bauwerbung \u2022 gro\u00dffl\u00e4chige Fahrzeugbeschriftungen \u2022 Fahrzeug-Vollverklebungen (auch reflektierend) z.B. f\u00fcr LKWs [&hellip;]<\/p>\n","protected":false},"author":1,"featured_media":0,"parent":7,"menu_order":0,"comment_status":"closed","ping_status":"closed","template":"","meta":{"_et_pb_use_builder":"on","_et_pb_old_content":"<strong>Typische Anwendungen sind:<\/strong>\r\n\r\n\u2022 Digitaldrucke f\u00fcr Bauschilder \/ Bauwerbung\r\n\u2022 gro\u00dffl\u00e4chige Fahrzeugbeschriftungen\r\n\u2022 Fahrzeug-Vollverklebungen (auch reflektierend) z.B. f\u00fcr LKW`s\r\n\u2022 Schilder und Displays im Aussenbereich\r\n\u2022 Poster und Plakate\r\n\u2022 PVC-Planen und Netzgitter als Grossposter (Megaposter)\r\n\u2022 Window-Grafik (Fensterlochfolie f\u00fcr Schaufenster und Glasfassaden)\r\n\u2022 Stoffbanner auf Polyester-Materialien (Brandschutzklasse B1)","_et_gb_content_width":"","ngg_post_thumbnail":0,"footnotes":"","_links_to":"","_links_to_target":""},"class_list":["post-136","page","type-page","status-publish","hentry","page_tags-aufkleber","page_tags-banner","page_tags-beschriftung","page_tags-digitaldruck","page_tags-fahrzeuge","page_tags-fassadenbanner","page_tags-grossformat","page_tags-hartschaum","page_tags-integralschaum","page_tags-latex","page_tags-leichtschaum","page_tags-leuchtkasten","page_tags-lfp","page_tags-plakate","page_tags-plexiglas","page_tags-schaufenster","page_tags-schriften","page_tags-solvent"],"_links":{"self":[{"href":"https:\/\/www.moench-werbetechnik.de\/index.php?rest_route=\/wp\/v2\/pages\/136","targetHints":{"allow":["GET"]}}],"collection":[{"href":"https:\/\/www.moench-werbetechnik.de\/index.php?rest_route=\/wp\/v2\/pages"}],"about":[{"href":"https:\/\/www.moench-werbetechnik.de\/index.php?rest_route=\/wp\/v2\/types\/page"}],"author":[{"embeddable":true,"href":"https:\/\/www.moench-werbetechnik.de\/index.php?rest_route=\/wp\/v2\/users\/1"}],"replies":[{"embeddable":true,"href":"https:\/\/www.moench-werbetechnik.de\/index.php?rest_route=%2Fwp%2Fv2%2Fcomments&post=136"}],"version-history":[{"count":16,"href":"https:\/\/www.moench-werbetechnik.de\/index.php?rest_route=\/wp\/v2\/pages\/136\/revisions"}],"predecessor-version":[{"id":1614,"href":"https:\/\/www.moench-werbetechnik.de\/index.php?rest_route=\/wp\/v2\/pages\/136\/revisions\/1614"}],"up":[{"embeddable":true,"href":"https:\/\/www.moench-werbetechnik.de\/index.php?rest_route=\/wp\/v2\/pages\/7"}],"wp:attachment":[{"href":"https:\/\/www.moench-werbetechnik.de\/index.php?rest_route=%2Fwp%2Fv2%2Fmedia&parent=136"}],"curies":[{"name":"wp","href":"https:\/\/api.w.org\/{rel}","templated":true}]}}