{"id":144,"date":"2012-08-21T14:36:53","date_gmt":"2012-08-21T12:36:53","guid":{"rendered":"http:\/\/www.moench-werbetechnik.de\/wordpress\/?page_id=144"},"modified":"2020-09-04T11:24:34","modified_gmt":"2020-09-04T09:24:34","slug":"schaufenster","status":"publish","type":"page","link":"https:\/\/www.moench-werbetechnik.de\/?page_id=144","title":{"rendered":"Schaufenster"},"content":{"rendered":"<p>[et_pb_section bb_built=&#8220;1&#8243; admin_label=&#8220;section&#8220; fullwidth=&#8220;on&#8220; specialty=&#8220;off&#8220;][et_pb_fullwidth_slider admin_label=&#8220;Fullwidth Slider&#8220; show_arrows=&#8220;on&#8220; show_pagination=&#8220;on&#8220; auto=&#8220;off&#8220; parallax=&#8220;off&#8220; parallax_method=&#8220;off&#8220; auto_ignore_hover=&#8220;off&#8220; remove_inner_shadow=&#8220;off&#8220; background_position=&#8220;default&#8220; background_size=&#8220;default&#8220; hide_content_on_mobile=&#8220;off&#8220; hide_cta_on_mobile=&#8220;off&#8220; show_image_video_mobile=&#8220;off&#8220; custom_button=&#8220;off&#8220; button_letter_spacing=&#8220;0&#8243; button_use_icon=&#8220;default&#8220; button_icon_placement=&#8220;right&#8220; button_on_hover=&#8220;on&#8220; button_letter_spacing_hover=&#8220;0&#8243;] [et_pb_slide heading=&#8220;Schaufenster&#8220; button_text=&#8220;Rundgang&#8220; background_image=&#8220;\/wp-content\/uploads\/2012\/08\/DSC_0550.jpg&#8220; background_color=&#8220;#ffffff&#8220; alignment=&#8220;center&#8220; background_layout=&#8220;dark&#8220; button_link=&#8220;\/?page_id=94&#8243; background_position=&#8220;default&#8220; background_size=&#8220;default&#8220; use_bg_overlay=&#8220;off&#8220; use_text_overlay=&#8220;off&#8220; allow_player_pause=&#8220;off&#8220; text_border_radius=&#8220;3&#8243; header_font_select=&#8220;default&#8220; header_font=&#8220;||||&#8220; body_font_select=&#8220;default&#8220; body_font=&#8220;||||&#8220; custom_button=&#8220;on&#8220; button_border_radius=&#8220;0&#8243; button_font_select=&#8220;default&#8220; button_font=&#8220;||||&#8220; button_use_icon=&#8220;default&#8220; button_icon_placement=&#8220;right&#8220; button_on_hover=&#8220;on&#8220; \/] [\/et_pb_fullwidth_slider][\/et_pb_section][et_pb_section bb_built=&#8220;1&#8243; admin_label=&#8220;section&#8220;][et_pb_row admin_label=&#8220;row&#8220;][et_pb_column type=&#8220;1_3&#8243;][et_pb_text admin_label=&#8220;Text&#8220;]<\/p>\n<p>Schaufenster sind der erste Eindruck, den ein Kunde von Ihrem Laden bekommt.<br>\nKombinationen aus Digitaldruck und Folienschriften geben sehr viele M\u00f6glichkeiten.<\/p>\n<p>Gerne \u00fcbernehmen wir die Ausf\u00fchrung und beraten Sie \u00fcber Ausf\u00fchrungsm\u00f6glichkeiten.<\/p>\n<p>[\/et_pb_text][\/et_pb_column][et_pb_column type=&#8220;2_3&#8243;][et_pb_gallery admin_label=&#8220;Gallery&#8220; gallery_ids=&#8220;468,470,471,472,473,474,571,572,573,575,576&#8243; fullwidth=&#8220;on&#8220; posts_number=&#8220;4&#8243; show_title_and_caption=&#8220;off&#8220; show_pagination=&#8220;on&#8220; background_layout=&#8220;light&#8220; \/][\/et_pb_column][\/et_pb_row][\/et_pb_section]<\/p>\n\n\n<link rel=\"stylesheet\" href=\"dsa-assets\/cookie.css\">\n\n\n<div class=\"bewertungen-banner\">\n    <a href=\"https:\/\/www.moench-werbetechnik.de\/?page_id=1419\">Rezensionen &amp; bewerten<\/a>\n<\/div>\n\n\n<div class=\"dsa-cookie-notice\">\n    <div class=\"cookie-inner\">\n        <p>Um unsere Webseite f\u00fcr Sie optimal zu gestalten und fortlaufend verbessern zu k\u00f6nnen, verwenden wir Cookies. Durch die weitere Nutzung der Webseite stimmen Sie der Verwendung von Cookies zu.\n            <br> Weitere Informationen zu Cookies erhalten Sie in unserer <a id=\"cookie_check\" href=\"https:\/\/moench-werbetechnik-de.dsa-secure.de\/datenschutz\" target=\"_blank\" rel=\"noopener noreferrer\">Datenschutzerkl\u00e4rung<\/a>.<\/p>\n    <\/div>\n    <a href=\"javascript:void(0)\" class=\"dsa-cookie-notice-close\">x<\/a>\n<\/div>\n\n<script src=\"dsa-assets\/cookie.js\"><\/script>\n","protected":false},"excerpt":{"rendered":"<p>Schaufenster sind der erste Eindruck, den ein Kunde von Ihrem Laden bekommt. Kombinationen aus Digitaldruck und Folienschriften geben sehr viele M\u00f6glichkeiten. Gerne \u00fcbernehmen wir die Ausf\u00fchrung und beraten Sie \u00fcber Ausf\u00fchrungsm\u00f6glichkeiten. Rezensionen &amp; bewerten Um unsere Webseite f\u00fcr Sie optimal zu gestalten und fortlaufend verbessern zu k\u00f6nnen, verwenden wir Cookies. Durch die weitere Nutzung der [&hellip;]<\/p>\n","protected":false},"author":1,"featured_media":0,"parent":7,"menu_order":0,"comment_status":"closed","ping_status":"closed","template":"","meta":{"_et_pb_use_builder":"on","_et_pb_old_content":"<p>Schaufenster sind der erste Eindruck, den ein Kunde von Ihrem Laden bekommt.<br \/> Kombinationen aus Digitaldruck und Folienschriften geben sehr viele M\u00f6glichkeiten.<\/p><p>Gerne \u00fcbernehmen wir die Ausf\u00fchrung und beraten Sie \u00fcber Ausf\u00fchrungsm\u00f6glichkeiten.<\/p>","_et_gb_content_width":"","ngg_post_thumbnail":0,"footnotes":"","_links_to":"","_links_to_target":""},"class_list":["post-144","page","type-page","status-publish","hentry","page_tags-aufkleber","page_tags-digitaldruck","page_tags-schaufenster","page_tags-schriften"],"_links":{"self":[{"href":"https:\/\/www.moench-werbetechnik.de\/index.php?rest_route=\/wp\/v2\/pages\/144","targetHints":{"allow":["GET"]}}],"collection":[{"href":"https:\/\/www.moench-werbetechnik.de\/index.php?rest_route=\/wp\/v2\/pages"}],"about":[{"href":"https:\/\/www.moench-werbetechnik.de\/index.php?rest_route=\/wp\/v2\/types\/page"}],"author":[{"embeddable":true,"href":"https:\/\/www.moench-werbetechnik.de\/index.php?rest_route=\/wp\/v2\/users\/1"}],"replies":[{"embeddable":true,"href":"https:\/\/www.moench-werbetechnik.de\/index.php?rest_route=%2Fwp%2Fv2%2Fcomments&post=144"}],"version-history":[{"count":12,"href":"https:\/\/www.moench-werbetechnik.de\/index.php?rest_route=\/wp\/v2\/pages\/144\/revisions"}],"predecessor-version":[{"id":1620,"href":"https:\/\/www.moench-werbetechnik.de\/index.php?rest_route=\/wp\/v2\/pages\/144\/revisions\/1620"}],"up":[{"embeddable":true,"href":"https:\/\/www.moench-werbetechnik.de\/index.php?rest_route=\/wp\/v2\/pages\/7"}],"wp:attachment":[{"href":"https:\/\/www.moench-werbetechnik.de\/index.php?rest_route=%2Fwp%2Fv2%2Fmedia&parent=144"}],"curies":[{"name":"wp","href":"https:\/\/api.w.org\/{rel}","templated":true}]}}