{"id":1660,"date":"2020-12-23T14:49:41","date_gmt":"2020-12-23T13:49:41","guid":{"rendered":"https:\/\/www.moench-werbetechnik.de\/?page_id=1660"},"modified":"2020-12-24T02:24:09","modified_gmt":"2020-12-24T01:24:09","slug":"schnell-%e2%9c%93-preiswert-%e2%9c%93-einfach-und-effektiv-%e2%9c%93-qualitaetsarbeit-in-sachen-folien-%e2%96%ba-jetzt-fachliche-expertise-einholen","status":"publish","type":"page","link":"https:\/\/www.moench-werbetechnik.de\/?page_id=1660","title":{"rendered":"Folienbeschriftung in Stuttgart"},"content":{"rendered":"<p>[et_pb_section fb_built=&#8220;1&#8243; fullwidth=&#8220;on&#8220; admin_label=&#8220;section&#8220; _builder_version=&#8220;3.0.47&#8243;][et_pb_fullwidth_slider admin_label=&#8220;Fullwidth Slider&#8220; _builder_version=&#8220;3.16&#8243; header_font=&#8220;||||||||&#8220; background_size=&#8220;default&#8220; background_position=&#8220;default&#8220; box_shadow_style=&#8220;preset6&#8243; box_shadow_blur=&#8220;10px&#8220; box_shadow_color=&#8220;rgba(0,0,0,0.1)&#8220; custom_padding=&#8220;|||&#8220; custom_padding_tablet=&#8220;|||&#8220; custom_padding_phone=&#8220;|||&#8220; auto=&#8220;on&#8220; auto_speed=&#8220;5000&#8243; remove_inner_shadow=&#8220;off&#8220; hide_content_on_mobile=&#8220;off&#8220; hide_cta_on_mobile=&#8220;off&#8220; show_inner_shadow=&#8220;on&#8220; button_letter_spacing_hover=&#8220;0&#8243; button_text_size__hover_enabled=&#8220;off&#8220; button_one_text_size__hover_enabled=&#8220;off&#8220; button_two_text_size__hover_enabled=&#8220;off&#8220; button_text_color__hover_enabled=&#8220;off&#8220; button_one_text_color__hover_enabled=&#8220;off&#8220; button_two_text_color__hover_enabled=&#8220;off&#8220; button_border_width__hover_enabled=&#8220;off&#8220; button_one_border_width__hover_enabled=&#8220;off&#8220; button_two_border_width__hover_enabled=&#8220;off&#8220; button_border_color__hover_enabled=&#8220;off&#8220; button_one_border_color__hover_enabled=&#8220;off&#8220; button_two_border_color__hover_enabled=&#8220;off&#8220; button_border_radius__hover_enabled=&#8220;off&#8220; button_one_border_radius__hover_enabled=&#8220;off&#8220; button_two_border_radius__hover_enabled=&#8220;off&#8220; button_letter_spacing__hover_enabled=&#8220;on&#8220; button_letter_spacing__hover=&#8220;0&#8243; button_one_letter_spacing__hover_enabled=&#8220;off&#8220; button_two_letter_spacing__hover_enabled=&#8220;off&#8220; button_bg_color__hover_enabled=&#8220;off&#8220; button_one_bg_color__hover_enabled=&#8220;off&#8220; button_two_bg_color__hover_enabled=&#8220;off&#8220;][et_pb_slide heading=&#8220;Folienbeschriftung&#8220; button_text=&#8220;Rundgang&#8220; button_link=&#8220;https:\/\/www.moench-werbetechnik.de\/?page_id=86&#8243; use_bg_overlay=&#8220;off&#8220; use_text_overlay=&#8220;off&#8220; _builder_version=&#8220;3.21.1&#8243; header_font=&#8220;||||||||&#8220; body_font=&#8220;||||&#8220; background_color=&#8220;#ffffff&#8220; background_image=&#8220;https:\/\/www.moench-werbetechnik.de\/wp-content\/uploads\/2012\/08\/hh-1.jpg&#8220; background_size=&#8220;default&#8220; background_position=&#8220;default&#8220; custom_button=&#8220;on&#8220; button_border_radius=&#8220;0&#8243; button_font=&#8220;||||&#8220; button_use_icon=&#8220;default&#8220; button_icon_placement=&#8220;right&#8220; button_on_hover=&#8220;on&#8220; button_text_size__hover_enabled=&#8220;off&#8220; button_one_text_size__hover_enabled=&#8220;off&#8220; button_two_text_size__hover_enabled=&#8220;off&#8220; button_text_color__hover_enabled=&#8220;off&#8220; button_one_text_color__hover_enabled=&#8220;off&#8220; button_two_text_color__hover_enabled=&#8220;off&#8220; button_border_width__hover_enabled=&#8220;off&#8220; button_one_border_width__hover_enabled=&#8220;off&#8220; button_two_border_width__hover_enabled=&#8220;off&#8220; button_border_color__hover_enabled=&#8220;off&#8220; button_one_border_color__hover_enabled=&#8220;off&#8220; button_two_border_color__hover_enabled=&#8220;off&#8220; button_border_radius__hover_enabled=&#8220;off&#8220; button_one_border_radius__hover_enabled=&#8220;off&#8220; button_two_border_radius__hover_enabled=&#8220;off&#8220; button_letter_spacing__hover_enabled=&#8220;off&#8220; button_one_letter_spacing__hover_enabled=&#8220;off&#8220; button_two_letter_spacing__hover_enabled=&#8220;off&#8220; button_bg_color__hover_enabled=&#8220;off&#8220; button_one_bg_color__hover_enabled=&#8220;off&#8220; button_two_bg_color__hover_enabled=&#8220;off&#8220;][\/et_pb_slide][\/et_pb_fullwidth_slider][\/et_pb_section][et_pb_section fb_built=&#8220;1&#8243; admin_label=&#8220;section&#8220; _builder_version=&#8220;3.0.47&#8243;][et_pb_row custom_padding=&#8220;0|0px|26px|0px|false|false&#8220; admin_label=&#8220;row&#8220; _builder_version=&#8220;3.21.1&#8243; background_size=&#8220;initial&#8220; background_position=&#8220;top_left&#8220; background_repeat=&#8220;repeat&#8220;][et_pb_column type=&#8220;1_2&#8243; _builder_version=&#8220;3.0.47&#8243;][et_pb_text admin_label=&#8220;Text&#8220; _builder_version=&#8220;3.0.74&#8243; background_size=&#8220;initial&#8220; background_position=&#8220;top_left&#8220; background_repeat=&#8220;repeat&#8220;]<\/p>\n<h1><span style=\"font-size: xx-large;\"><strong><span face=\"Arial, serif\" style=\"font-family: Arial, serif;\"><span size=\"3\">Ihr Experte f\u00fcr Folienbeschriftung in Stuttgart:<br \/>\nM\u00f6nch Werbetechnik<\/span><\/span><\/strong><\/span><\/h1>\n<p><span style=\"font-size: xx-large;\"><strong><span face=\"Arial, serif\" style=\"font-family: Arial, serif;\"><span size=\"3\"><\/span><\/span><\/strong><\/span><\/p>\n<p><span style=\"font-size: medium; font-family: Arial, serif;\">Schnell, preiswert, einfach und effektiv: Folienschriften sind als Werbemittel nicht mehr wegzudenken. Eine professionelle Folienbeschriftung l\u00e4sst sich in vielen Bereichen einsetzen und macht gezielt auf Ihr Unternehmen aufmerksam. Durch die Vielzahl an verschiedenen Folien bietet Ihnen die Methode individuelle Gestaltungsideen. Egal ob Sie Ihr Schaufenster oder Firmenfahrzeug zum Eyecatcher machen m\u00f6chten: Unser Expertenteam aus Stuttgart setzt Ihre W\u00fcnsche fachgerecht um. Im Rahmen der Folienbeschriftung arbeiten wir mit wetterbest\u00e4ndigen und robusten Materialien, die Ihnen viele Jahre Freude bereitet.<\/span><\/p>\n<p><span face=\"Arial, serif\" style=\"font-family: Arial, serif;\"><span size=\"3\" style=\"font-size: medium;\"><\/span><\/span><\/p>\n<h2><span face=\"Arial, serif\" style=\"font-size: x-large;\"><span size=\"3\"><b>\u00dcberschaubare Investition, die sich lohnt \u2013 Folienbeschriftung in Stuttgart<\/b><\/span><\/span><\/h2>\n<p><span face=\"Arial, serif\"><span size=\"3\">Gewinnen Sie durch clevere Werbung neue Kunden und kommunizieren Sie Ihre Werbebotschaft besser als die Konkurrenz: Folienbeschriftungen bieten Ihnen die ideale M\u00f6glichkeit, um in der \u00d6ffentlichkeit zu werben. Gerne beraten wir Sie im Vorfeld eines Auftrages, was in Sachen Au\u00dfenwerbung alles m\u00f6glich ist und finden gemeinsam mit Ihnen die optimale L\u00f6sung. Wir kombinieren h\u00f6chsten Qualit\u00e4tsanspruch mit umfassendem Know-how. Das Ergebnis: Folienbeschriftungen, die Eindruck hinterlassen.<\/span><\/span>[\/et_pb_text][\/et_pb_column][et_pb_column type=&#8220;1_2&#8243; _builder_version=&#8220;3.0.47&#8243;][et_pb_text admin_label=&#8220;Text&#8220; _builder_version=&#8220;3.0.74&#8243; background_size=&#8220;initial&#8220; background_position=&#8220;top_left&#8220; background_repeat=&#8220;repeat&#8220;]<\/p>\n<p><span face=\"Arial, serif\" style=\"font-family: Arial, serif;\"><span size=\"3\" style=\"font-size: medium;\"><\/span><\/span><\/p>\n<p><b style=\"font-size: medium; font-family: Arial, serif;\">Die Vorteile im \u00dcberblick:<\/b><\/p>\n<p><b style=\"font-size: medium; font-family: Arial, serif;\"><\/b><\/p>\n<ul>\n<li><span face=\"Arial, serif\" style=\"font-family: Arial, serif;\"><span size=\"3\" style=\"font-size: medium;\">Qualit\u00e4tsarbeit<\/span><\/span><\/li>\n<li><span face=\"Arial, serif\" style=\"font-family: Arial, serif;\"><span size=\"3\" style=\"font-size: medium;\">Individuelle Gestaltung<\/span><\/span><\/li>\n<li><span face=\"Arial, serif\" style=\"font-family: Arial, serif;\"><span size=\"3\" style=\"font-size: medium;\">Jahrelange Erfahrung<\/span><\/span><\/li>\n<li><span face=\"Arial, serif\" style=\"font-family: Arial, serif;\"><span size=\"3\" style=\"font-size: medium;\">Fachliche Expertise<\/span><\/span><\/li>\n<li><span face=\"Arial, serif\" style=\"font-family: Arial, serif;\"><span size=\"3\" style=\"font-size: medium;\">Langanhaltende Werbung<\/span><\/span><\/li>\n<li><span face=\"Arial, serif\" style=\"font-family: Arial, serif;\"><span size=\"3\" style=\"font-size: medium;\">Wetter- und UV-best\u00e4ndige Materialien<\/span><\/span><\/li>\n<li><span face=\"Arial, serif\" style=\"font-family: Arial, serif;\"><span size=\"3\" style=\"font-size: medium;\">Und vieles mehr<\/span><\/span><span face=\"Arial, serif\" style=\"font-family: Arial, serif;\"><span size=\"3\" style=\"font-size: medium;\"><\/span><\/span><\/li>\n<\/ul>\n<h2><\/h2>\n<h2><span face=\"Arial, serif\" style=\"font-family: Arial, serif; font-size: x-large;\"><span size=\"3\"><b>Jetzt Kontakt aufnehmen<\/b><\/span><\/span><\/h2>\n<p><span face=\"Arial, serif\" style=\"font-family: Arial, serif; font-size: x-large;\"><span size=\"3\"><b><\/b><\/span><\/span><\/p>\n<p><span face=\"Arial, serif\" style=\"font-family: Arial, serif;\"><span size=\"3\" style=\"font-size: medium;\">Sie m\u00f6chten mehr Informationen zu unserem Leistungsangebot? Kontaktieren Sie uns telefonisch unter <a href=\"tel:+4971152087560\">+49(0)711-520 875 60<\/a> oder per Mail an <a href=\"https:\/\/moench-werbetechnik-de.dsa-secure.de\/mailto\/2784\">info@moench-werbetechnik.de<\/a>. Wir freuen uns auf Sie.<\/span><\/span><\/p>\n<p>[\/et_pb_text][\/et_pb_column][\/et_pb_row][\/et_pb_section]<\/p>\n","protected":false},"excerpt":{"rendered":"<p>Ihr Experte f\u00fcr Folienbeschriftung in Stuttgart: M\u00f6nch Werbetechnik Schnell, preiswert, einfach und effektiv: Folienschriften sind als Werbemittel nicht mehr wegzudenken. Eine professionelle Folienbeschriftung l\u00e4sst sich in vielen Bereichen einsetzen und macht gezielt auf Ihr Unternehmen aufmerksam. Durch die Vielzahl an verschiedenen Folien bietet Ihnen die Methode individuelle Gestaltungsideen. Egal ob Sie Ihr Schaufenster oder Firmenfahrzeug [&hellip;]<\/p>\n","protected":false},"author":2,"featured_media":0,"parent":0,"menu_order":0,"comment_status":"closed","ping_status":"closed","template":"","meta":{"_et_pb_use_builder":"on","_et_pb_old_content":"","_et_gb_content_width":"","ngg_post_thumbnail":0,"footnotes":"","_links_to":"","_links_to_target":""},"class_list":["post-1660","page","type-page","status-publish","hentry"],"_links":{"self":[{"href":"https:\/\/www.moench-werbetechnik.de\/index.php?rest_route=\/wp\/v2\/pages\/1660","targetHints":{"allow":["GET"]}}],"collection":[{"href":"https:\/\/www.moench-werbetechnik.de\/index.php?rest_route=\/wp\/v2\/pages"}],"about":[{"href":"https:\/\/www.moench-werbetechnik.de\/index.php?rest_route=\/wp\/v2\/types\/page"}],"author":[{"embeddable":true,"href":"https:\/\/www.moench-werbetechnik.de\/index.php?rest_route=\/wp\/v2\/users\/2"}],"replies":[{"embeddable":true,"href":"https:\/\/www.moench-werbetechnik.de\/index.php?rest_route=%2Fwp%2Fv2%2Fcomments&post=1660"}],"version-history":[{"count":8,"href":"https:\/\/www.moench-werbetechnik.de\/index.php?rest_route=\/wp\/v2\/pages\/1660\/revisions"}],"predecessor-version":[{"id":1700,"href":"https:\/\/www.moench-werbetechnik.de\/index.php?rest_route=\/wp\/v2\/pages\/1660\/revisions\/1700"}],"wp:attachment":[{"href":"https:\/\/www.moench-werbetechnik.de\/index.php?rest_route=%2Fwp%2Fv2%2Fmedia&parent=1660"}],"curies":[{"name":"wp","href":"https:\/\/api.w.org\/{rel}","templated":true}]}}