{"id":1710,"date":"2020-12-23T13:50:49","date_gmt":"2020-12-23T12:50:49","guid":{"rendered":"https:\/\/www.moench-werbetechnik.de\/?page_id=1710"},"modified":"2020-12-24T03:54:34","modified_gmt":"2020-12-24T02:54:34","slug":"erregen-sie-aufsehen-%e2%96%ba-von-der-beratung-bis-zum-entwurf-und-grafik-%e2%98%85-wir-sorgen-fuer-einen-bleibenden-eindruck-%e2%9c%93","status":"publish","type":"page","link":"https:\/\/www.moench-werbetechnik.de\/?page_id=1710","title":{"rendered":"Fahrzeugbeschriftung in Stuttgart"},"content":{"rendered":"<p>[et_pb_section fb_built=&#8220;1&#8243; fullwidth=&#8220;on&#8220; admin_label=&#8220;section&#8220; _builder_version=&#8220;3.0.47&#8243;][et_pb_fullwidth_slider admin_label=&#8220;Fullwidth Slider&#8220; _builder_version=&#8220;3.21.1&#8243; header_font=&#8220;||||||||&#8220; background_size=&#8220;default&#8220; background_position=&#8220;default&#8220; box_shadow_style=&#8220;preset6&#8243; box_shadow_blur=&#8220;10px&#8220; box_shadow_color=&#8220;rgba(0,0,0,0.1)&#8220; custom_padding=&#8220;|||&#8220; custom_padding_tablet=&#8220;|||&#8220; custom_padding_phone=&#8220;|||&#8220; auto=&#8220;on&#8220; auto_speed=&#8220;5000&#8243; remove_inner_shadow=&#8220;off&#8220; hide_content_on_mobile=&#8220;off&#8220; hide_cta_on_mobile=&#8220;off&#8220; show_inner_shadow=&#8220;on&#8220; button_letter_spacing_hover=&#8220;0&#8243; button_text_size__hover_enabled=&#8220;off&#8220; button_one_text_size__hover_enabled=&#8220;off&#8220; button_two_text_size__hover_enabled=&#8220;off&#8220; button_text_color__hover_enabled=&#8220;off&#8220; button_one_text_color__hover_enabled=&#8220;off&#8220; button_two_text_color__hover_enabled=&#8220;off&#8220; button_border_width__hover_enabled=&#8220;off&#8220; button_one_border_width__hover_enabled=&#8220;off&#8220; button_two_border_width__hover_enabled=&#8220;off&#8220; button_border_color__hover_enabled=&#8220;off&#8220; button_one_border_color__hover_enabled=&#8220;off&#8220; button_two_border_color__hover_enabled=&#8220;off&#8220; button_border_radius__hover_enabled=&#8220;off&#8220; button_one_border_radius__hover_enabled=&#8220;off&#8220; button_two_border_radius__hover_enabled=&#8220;off&#8220; button_letter_spacing__hover_enabled=&#8220;on&#8220; button_letter_spacing__hover=&#8220;0&#8243; button_one_letter_spacing__hover_enabled=&#8220;off&#8220; button_two_letter_spacing__hover_enabled=&#8220;off&#8220; button_bg_color__hover_enabled=&#8220;off&#8220; button_one_bg_color__hover_enabled=&#8220;off&#8220; button_two_bg_color__hover_enabled=&#8220;off&#8220;][et_pb_slide heading=&#8220;Fahrzeugbeschriftung&#8220; button_text=&#8220;Rundgang&#8220; button_link=&#8220;https:\/\/www.moench-werbetechnik.de\/?page_id=86&#8243; use_bg_overlay=&#8220;off&#8220; use_text_overlay=&#8220;off&#8220; _builder_version=&#8220;3.21.1&#8243; header_font=&#8220;||||||||&#8220; body_font=&#8220;||||&#8220; background_color=&#8220;#ffffff&#8220; background_image=&#8220;https:\/\/www.moench-werbetechnik.de\/wp-content\/uploads\/2012\/08\/hh-1.jpg&#8220; background_size=&#8220;default&#8220; background_position=&#8220;default&#8220; custom_button=&#8220;on&#8220; button_border_radius=&#8220;0&#8243; button_font=&#8220;||||&#8220; button_use_icon=&#8220;default&#8220; button_icon_placement=&#8220;right&#8220; button_on_hover=&#8220;on&#8220; button_text_size__hover_enabled=&#8220;off&#8220; button_one_text_size__hover_enabled=&#8220;off&#8220; button_two_text_size__hover_enabled=&#8220;off&#8220; button_text_color__hover_enabled=&#8220;off&#8220; button_one_text_color__hover_enabled=&#8220;off&#8220; button_two_text_color__hover_enabled=&#8220;off&#8220; button_border_width__hover_enabled=&#8220;off&#8220; button_one_border_width__hover_enabled=&#8220;off&#8220; button_two_border_width__hover_enabled=&#8220;off&#8220; button_border_color__hover_enabled=&#8220;off&#8220; button_one_border_color__hover_enabled=&#8220;off&#8220; button_two_border_color__hover_enabled=&#8220;off&#8220; button_border_radius__hover_enabled=&#8220;off&#8220; button_one_border_radius__hover_enabled=&#8220;off&#8220; button_two_border_radius__hover_enabled=&#8220;off&#8220; button_letter_spacing__hover_enabled=&#8220;off&#8220; button_one_letter_spacing__hover_enabled=&#8220;off&#8220; button_two_letter_spacing__hover_enabled=&#8220;off&#8220; button_bg_color__hover_enabled=&#8220;off&#8220; button_one_bg_color__hover_enabled=&#8220;off&#8220; button_two_bg_color__hover_enabled=&#8220;off&#8220;][\/et_pb_slide][\/et_pb_fullwidth_slider][\/et_pb_section][et_pb_section fb_built=&#8220;1&#8243; admin_label=&#8220;section&#8220; _builder_version=&#8220;3.0.47&#8243;][et_pb_row custom_padding=&#8220;0|0px|26px|0px|false|false&#8220; admin_label=&#8220;row&#8220; _builder_version=&#8220;3.21.1&#8243; background_size=&#8220;initial&#8220; background_position=&#8220;top_left&#8220; background_repeat=&#8220;repeat&#8220;][et_pb_column type=&#8220;1_2&#8243; _builder_version=&#8220;3.0.47&#8243;][et_pb_text admin_label=&#8220;Text&#8220; _builder_version=&#8220;3.0.74&#8243; background_size=&#8220;initial&#8220; background_position=&#8220;top_left&#8220; background_repeat=&#8220;repeat&#8220;]<\/p>\n<h1 align=\"JUSTIFY\" style=\"text-align: left;\"><span face=\"Arial, serif\" style=\"font-family: Arial, serif; font-size: xx-large;\"><span size=\"3\"><b>Individuelle Fahrzeugbeschriftung Stuttgart von M\u00f6nch Werbetechnik <\/b><\/span><\/span><\/h1>\n<p><span style=\"font-size: xx-large;\"><strong><span face=\"Arial, serif\" style=\"font-family: Arial, serif;\"><span size=\"3\"><\/span><\/span><\/strong><\/span><\/p>\n<p><span face=\"Arial, serif\" style=\"font-family: Arial, serif;\"><span size=\"3\" style=\"font-size: medium;\">Sie m\u00f6chten Ihren Bekanntheitsgrad erh\u00f6hen und neue Kunden gewinnen? Dann sind Sie bei uns genau richtig. Mit unserer hochwertigen Fahrzeugbeschriftung in Stuttgart haben Sie Ihre Werbung immer dabei. Den kreativen Autobeschriftungen sind dank des Digitaldrucks keine Grenzen gesetzt. Modernste Technik erm\u00f6glicht erstklassige Ergebnisse, die auch starken Witterungseinfl\u00fcssen standhalten. Egal ob dezent und klassisch oder extravagant und ausgefallen: Mit uns lassen Sie Ihrer Kreativit\u00e4t freien Lauf.<\/span><\/span><\/p>\n<h2 align=\"JUSTIFY\" style=\"text-align: left;\"><span face=\"Arial, serif\" style=\"font-family: Arial, serif; font-size: x-large;\"><span size=\"3\"><b>Machen Sie Ihre Werbung mobil<\/b><\/span><\/span><\/h2>\n<p><span face=\"Arial, serif\" style=\"font-family: Arial, serif;\"><span size=\"3\" style=\"font-size: medium;\">Erregen Sie Aufsehen auf den Stra\u00dfen Stuttgarts und hinterlassen Sie einen bleibenden Eindruck. Eine Fahrzeugbeschriftung ist rund um die Uhr effektive Werbung f\u00fcr Ihr Unternehmen. Von der passenden Schrift \u00fcber Ihr Logo bis hin zu hochwertigen Bildern: Wir beschriften Ihre Autos, Anh\u00e4nger oder Lkws ganz nach Ihren Vorstellungen. In einem pers\u00f6nlichen Beratungsgespr\u00e4ch teilen Sie uns Ihre W\u00fcnsche mit. Diese setzen wir im Anschluss fachgerecht um.<\/span><\/span><\/p>\n<p>[\/et_pb_text][\/et_pb_column][et_pb_column type=&#8220;1_2&#8243; _builder_version=&#8220;3.0.47&#8243;][et_pb_text admin_label=&#8220;Text&#8220; _builder_version=&#8220;3.0.74&#8243; background_size=&#8220;initial&#8220; background_position=&#8220;top_left&#8220; background_repeat=&#8220;repeat&#8220;]<\/p>\n<p><span face=\"Arial, serif\" style=\"font-family: Arial, serif;\"><span size=\"3\" style=\"font-size: medium;\"><\/span><\/span><\/p>\n<p>&nbsp;<\/p>\n<h3><span face=\"Arial, serif\" style=\"font-family: Arial, serif; font-size: large;\"><span size=\"3\"><b>Unser Leistungsangebot umfasst:<\/b><\/span><\/span><\/h3>\n<ul>\n<li>\n<p><span face=\"Arial, serif\" style=\"font-family: Arial, serif;\"><span size=\"3\" style=\"font-size: medium;\">Individuelle Schaufenster- und Fahrzeugbeschriftung in Stuttgart<\/span><\/span><\/p>\n<\/li>\n<li>\n<p><span face=\"Arial, serif\" style=\"font-family: Arial, serif;\"><span size=\"3\" style=\"font-size: medium;\">Sichtschutz<\/span><\/span><\/p>\n<\/li>\n<li>\n<p><span face=\"Arial, serif\" style=\"font-family: Arial, serif;\"><span size=\"3\" style=\"font-size: medium;\">Beratung<\/span><\/span><\/p>\n<\/li>\n<li>\n<p><span face=\"Arial, serif\" style=\"font-family: Arial, serif;\"><span size=\"3\" style=\"font-size: medium;\">Entwurf und Grafik<\/span><\/span><\/p>\n<\/li>\n<li>\n<p><span face=\"Arial, serif\" style=\"font-family: Arial, serif;\"><span size=\"3\" style=\"font-size: medium;\">Und vieles mehr<\/span><\/span><\/p>\n<\/li>\n<\/ul>\n<h2><\/h2>\n<p>\u00a0<b style=\"font-size: 24px; font-family: Arial, serif; text-transform: uppercase;\">Jetzt neue Wege beschreiten<\/b><\/p>\n<p><span face=\"Arial, serif\" style=\"font-family: Arial, serif;\"><span size=\"3\" style=\"font-size: medium;\">Heben Sie sich von der Konkurrenz ab und verpassen Sie Ihrem Firmenwagen das gewisse Etwas. Unser engagiertes Team steht Ihnen jederzeit als Ansprechpartner in Stuttgart zur Seite. Wir begleiten Sie vom ersten Entwurf bis hin zur finalen Ausf\u00fchrung. Bei Fragen oder f\u00fcr Terminvereinbarungen erreichen Sie uns telefonisch unter <a href=\"tel:+4971152087560\">0711 52 08 75 60<\/a>.<\/span><\/span><\/p>\n<p>[\/et_pb_text][\/et_pb_column][\/et_pb_row][\/et_pb_section]<\/p>\n","protected":false},"excerpt":{"rendered":"<p>Individuelle Fahrzeugbeschriftung Stuttgart von M\u00f6nch Werbetechnik Sie m\u00f6chten Ihren Bekanntheitsgrad erh\u00f6hen und neue Kunden gewinnen? Dann sind Sie bei uns genau richtig. Mit unserer hochwertigen Fahrzeugbeschriftung in Stuttgart haben Sie Ihre Werbung immer dabei. Den kreativen Autobeschriftungen sind dank des Digitaldrucks keine Grenzen gesetzt. Modernste Technik erm\u00f6glicht erstklassige Ergebnisse, die auch starken Witterungseinfl\u00fcssen standhalten. Egal [&hellip;]<\/p>\n","protected":false},"author":2,"featured_media":0,"parent":0,"menu_order":0,"comment_status":"closed","ping_status":"closed","template":"","meta":{"_et_pb_use_builder":"on","_et_pb_old_content":"","_et_gb_content_width":"","ngg_post_thumbnail":0,"footnotes":"","_links_to":"","_links_to_target":""},"class_list":["post-1710","page","type-page","status-publish","hentry"],"_links":{"self":[{"href":"https:\/\/www.moench-werbetechnik.de\/index.php?rest_route=\/wp\/v2\/pages\/1710","targetHints":{"allow":["GET"]}}],"collection":[{"href":"https:\/\/www.moench-werbetechnik.de\/index.php?rest_route=\/wp\/v2\/pages"}],"about":[{"href":"https:\/\/www.moench-werbetechnik.de\/index.php?rest_route=\/wp\/v2\/types\/page"}],"author":[{"embeddable":true,"href":"https:\/\/www.moench-werbetechnik.de\/index.php?rest_route=\/wp\/v2\/users\/2"}],"replies":[{"embeddable":true,"href":"https:\/\/www.moench-werbetechnik.de\/index.php?rest_route=%2Fwp%2Fv2%2Fcomments&post=1710"}],"version-history":[{"count":3,"href":"https:\/\/www.moench-werbetechnik.de\/index.php?rest_route=\/wp\/v2\/pages\/1710\/revisions"}],"predecessor-version":[{"id":1714,"href":"https:\/\/www.moench-werbetechnik.de\/index.php?rest_route=\/wp\/v2\/pages\/1710\/revisions\/1714"}],"wp:attachment":[{"href":"https:\/\/www.moench-werbetechnik.de\/index.php?rest_route=%2Fwp%2Fv2%2Fmedia&parent=1710"}],"curies":[{"name":"wp","href":"https:\/\/api.w.org\/{rel}","templated":true}]}}