{"id":1719,"date":"2020-12-23T15:20:20","date_gmt":"2020-12-23T14:20:20","guid":{"rendered":"https:\/\/www.moench-werbetechnik.de\/?page_id=1719"},"modified":"2020-12-24T03:55:31","modified_gmt":"2020-12-24T02:55:31","slug":"experten-fuer-individuelle-praxisschilder-%e2%96%ba-vom-entwurf-bis-montage-%e2%98%85-jetzt-lange-im-gedaechtnis-bleiben-mit-uns-%e2%96%ba","status":"publish","type":"page","link":"https:\/\/www.moench-werbetechnik.de\/?page_id=1719","title":{"rendered":"Praxisschilder in Stuttgart"},"content":{"rendered":"<p>[et_pb_section fb_built=&#8220;1&#8243; fullwidth=&#8220;on&#8220; admin_label=&#8220;section&#8220; _builder_version=&#8220;3.0.47&#8243;][et_pb_fullwidth_slider admin_label=&#8220;Fullwidth Slider&#8220; _builder_version=&#8220;3.21.1&#8243; header_font=&#8220;||||||||&#8220; background_size=&#8220;default&#8220; background_position=&#8220;default&#8220; box_shadow_style=&#8220;preset6&#8243; box_shadow_blur=&#8220;10px&#8220; box_shadow_color=&#8220;rgba(0,0,0,0.1)&#8220; custom_padding=&#8220;|||&#8220; custom_padding_tablet=&#8220;|||&#8220; custom_padding_phone=&#8220;|||&#8220; auto=&#8220;on&#8220; auto_speed=&#8220;5000&#8243; remove_inner_shadow=&#8220;off&#8220; hide_content_on_mobile=&#8220;off&#8220; hide_cta_on_mobile=&#8220;off&#8220; show_inner_shadow=&#8220;on&#8220; button_letter_spacing_hover=&#8220;0&#8243; button_text_size__hover_enabled=&#8220;off&#8220; button_one_text_size__hover_enabled=&#8220;off&#8220; button_two_text_size__hover_enabled=&#8220;off&#8220; button_text_color__hover_enabled=&#8220;off&#8220; button_one_text_color__hover_enabled=&#8220;off&#8220; button_two_text_color__hover_enabled=&#8220;off&#8220; button_border_width__hover_enabled=&#8220;off&#8220; button_one_border_width__hover_enabled=&#8220;off&#8220; button_two_border_width__hover_enabled=&#8220;off&#8220; button_border_color__hover_enabled=&#8220;off&#8220; button_one_border_color__hover_enabled=&#8220;off&#8220; button_two_border_color__hover_enabled=&#8220;off&#8220; button_border_radius__hover_enabled=&#8220;off&#8220; button_one_border_radius__hover_enabled=&#8220;off&#8220; button_two_border_radius__hover_enabled=&#8220;off&#8220; button_letter_spacing__hover_enabled=&#8220;on&#8220; button_letter_spacing__hover=&#8220;0&#8243; button_one_letter_spacing__hover_enabled=&#8220;off&#8220; button_two_letter_spacing__hover_enabled=&#8220;off&#8220; button_bg_color__hover_enabled=&#8220;off&#8220; button_one_bg_color__hover_enabled=&#8220;off&#8220; button_two_bg_color__hover_enabled=&#8220;off&#8220;][et_pb_slide heading=&#8220;PRAXISSCHILDER&#8220; button_text=&#8220;Rundgang&#8220; button_link=&#8220;https:\/\/www.moench-werbetechnik.de\/?page_id=86&#8243; use_bg_overlay=&#8220;off&#8220; use_text_overlay=&#8220;off&#8220; _builder_version=&#8220;3.21.1&#8243; header_font=&#8220;||||||||&#8220; body_font=&#8220;||||&#8220; background_color=&#8220;#ffffff&#8220; background_image=&#8220;https:\/\/www.moench-werbetechnik.de\/wp-content\/uploads\/2012\/08\/hh-1.jpg&#8220; background_size=&#8220;default&#8220; background_position=&#8220;default&#8220; custom_button=&#8220;on&#8220; button_border_radius=&#8220;0&#8243; button_font=&#8220;||||&#8220; button_use_icon=&#8220;default&#8220; button_icon_placement=&#8220;right&#8220; button_on_hover=&#8220;on&#8220; button_text_size__hover_enabled=&#8220;off&#8220; button_one_text_size__hover_enabled=&#8220;off&#8220; button_two_text_size__hover_enabled=&#8220;off&#8220; button_text_color__hover_enabled=&#8220;off&#8220; button_one_text_color__hover_enabled=&#8220;off&#8220; button_two_text_color__hover_enabled=&#8220;off&#8220; button_border_width__hover_enabled=&#8220;off&#8220; button_one_border_width__hover_enabled=&#8220;off&#8220; button_two_border_width__hover_enabled=&#8220;off&#8220; button_border_color__hover_enabled=&#8220;off&#8220; button_one_border_color__hover_enabled=&#8220;off&#8220; button_two_border_color__hover_enabled=&#8220;off&#8220; button_border_radius__hover_enabled=&#8220;off&#8220; button_one_border_radius__hover_enabled=&#8220;off&#8220; button_two_border_radius__hover_enabled=&#8220;off&#8220; button_letter_spacing__hover_enabled=&#8220;off&#8220; button_one_letter_spacing__hover_enabled=&#8220;off&#8220; button_two_letter_spacing__hover_enabled=&#8220;off&#8220; button_bg_color__hover_enabled=&#8220;off&#8220; button_one_bg_color__hover_enabled=&#8220;off&#8220; button_two_bg_color__hover_enabled=&#8220;off&#8220;][\/et_pb_slide][\/et_pb_fullwidth_slider][\/et_pb_section][et_pb_section fb_built=&#8220;1&#8243; admin_label=&#8220;section&#8220; _builder_version=&#8220;3.0.47&#8243;][et_pb_row custom_padding=&#8220;0|0px|26px|0px|false|false&#8220; admin_label=&#8220;row&#8220; _builder_version=&#8220;3.21.1&#8243; background_size=&#8220;initial&#8220; background_position=&#8220;top_left&#8220; background_repeat=&#8220;repeat&#8220;][et_pb_column type=&#8220;1_2&#8243; _builder_version=&#8220;3.0.47&#8243;][et_pb_text admin_label=&#8220;Text&#8220; _builder_version=&#8220;3.0.74&#8243; background_size=&#8220;initial&#8220; background_position=&#8220;top_left&#8220; background_repeat=&#8220;repeat&#8220;]<\/p>\n<h1><span face=\"Arial, serif\" style=\"font-family: Arial, serif; font-size: xx-large;\"><span size=\"3\"><b>Ihr Partner f\u00fcr hochwertige Praxisschilder in Stuttgart: M\u00f6nch Werbetechnik <\/b><\/span><\/span><\/h1>\n<p><span style=\"font-size: xx-large;\"><strong><span face=\"Arial, serif\" style=\"font-family: Arial, serif;\"><span size=\"3\"><\/span><\/span><\/strong><\/span><\/p>\n<p><span face=\"Arial, serif\" style=\"font-family: Arial, serif;\"><span size=\"3\" style=\"font-size: medium;\">Ob f\u00fcr Ihr B\u00fcro, die Kanzlei oder Arztpraxis: Ein hochwertiges Schild mit Ihrer Firmierung, dem Logo, einem Slogan oder Bild ist unerl\u00e4sslich. Als Experten f\u00fcr individuelle Praxisschilder in Stuttgart realisieren wir Ihre W\u00fcnsche. Dabei begleiten wir Sie vom ersten Entwurf bis hin zur Montage der Schilder und stehen Ihnen w\u00e4hrend des gesamten Prozesses als Ansprechpartner zur Seite. Wir bieten Ihnen in Stuttgart und Umgebung Praxisschilder, die einen professionellen ersten Eindruck wecken und noch lange im Ged\u00e4chtnis bleiben.<\/span><\/span><\/p>\n<h2><span face=\"Arial, serif\" style=\"font-family: Arial, serif; font-size: x-large;\"><span size=\"3\"><b>Machen Sie Ihre Werbebotschaft sichtbar<\/b><\/span><\/span><\/h2>\n<p><span face=\"Arial, serif\" style=\"font-family: Arial, serif;\"><span size=\"3\" style=\"font-size: medium;\">Gute Werbung ist das A und O, um aus der breiten Masse herauszustechen und sein Unternehmen von der besten Seite zu pr\u00e4sentieren. Unsere individuell gefertigten Praxisschilder sind aus robustem PVC-Hartschaum, einer Aluminium-Verbundplatte oder Acrylglas. Sie entscheiden sich zwischen den unterschiedlichen Materialien \u2013 wir setzen Ihre W\u00fcnsche im Handumdrehen in die Realit\u00e4t um. Au\u00dferdem haben Sie die Wahl zwischen tempor\u00e4ren und dauerhaften Befestigungsm\u00f6glichkeiten. In einem pers\u00f6nlichen Gespr\u00e4ch geben wir Ihnen gerne n\u00e4here Infos zu den M\u00f6glichkeiten. <\/span><\/span><\/p>\n<p>[\/et_pb_text][\/et_pb_column][et_pb_column type=&#8220;1_2&#8243; _builder_version=&#8220;3.0.47&#8243;][et_pb_text admin_label=&#8220;Text&#8220; _builder_version=&#8220;3.0.74&#8243; background_size=&#8220;initial&#8220; background_position=&#8220;top_left&#8220; background_repeat=&#8220;repeat&#8220;]<\/p>\n<p><b style=\"font-size: medium; font-family: Arial, serif; text-transform: uppercase;\">Die Vorteile der Praxisschilder im \u00dcberblick:<\/b><\/p>\n<ul>\n<li>\n<p><span face=\"Arial, serif\" style=\"font-family: Arial, serif;\"><span size=\"3\" style=\"font-size: medium;\">Hohe Qualit\u00e4t<\/span><\/span><\/p>\n<\/li>\n<li>\n<p><span face=\"Arial, serif\" style=\"font-family: Arial, serif;\"><span size=\"3\" style=\"font-size: medium;\">Individuelle Gestaltung<\/span><\/span><\/p>\n<\/li>\n<li>\n<p><span face=\"Arial, serif\" style=\"font-family: Arial, serif;\"><span size=\"3\" style=\"font-size: medium;\">Jahrelange Erfahrung<\/span><\/span><\/p>\n<\/li>\n<li>\n<p><span face=\"Arial, serif\" style=\"font-family: Arial, serif;\"><span size=\"3\" style=\"font-size: medium;\">Langanhaltende Werbung<\/span><\/span><\/p>\n<\/li>\n<li>\n<p><span face=\"Arial, serif\" style=\"font-family: Arial, serif;\"><span size=\"3\" style=\"font-size: medium;\">Fachgerechte Montage<\/span><\/span><\/p>\n<\/li>\n<li>\n<p><span face=\"Arial, serif\" style=\"font-family: Arial, serif;\"><span size=\"3\" style=\"font-size: medium;\">Und vieles mehr<\/span><\/span><\/p>\n<\/li>\n<\/ul>\n<h2><\/h2>\n<h2><span style=\"font-size: x-large;\">\u00a0<b style=\"font-family: Arial, serif; text-transform: uppercase;\">Jetzt ein individuelles Praxisschild<br \/>erstellen lassen<\/b><\/span><\/h2>\n<p>\u00a0<span color=\"#000000\" style=\"font-size: 14px;\"><span face=\"Arial, serif\" style=\"font-family: Arial, serif;\"><span size=\"3\" style=\"font-size: medium;\">Als Partner von diversen Werbeagenturen\u00a0bieten wir Ihnen die komplette Herstellung und Montage Ihrer Innen- und Au\u00dfenwerbung. <\/span><\/span><\/span><span face=\"Arial, serif\" style=\"font-size: 14px; font-family: Arial, serif;\"><span size=\"3\" style=\"font-size: medium;\">Bei Fragen oder f\u00fcr Termine erreichen Sie uns telefonisch unter <a href=\"tel:+4971152087560\">+49(0)711-520 875 60<\/a> oder per Mail an <a href=\"https:\/\/moench-werbetechnik-de.dsa-secure.de\/mailto\/2784\">info@moench-werbetechnik.de<\/a>. Wir freuen uns auf Sie.<\/span><\/span><\/p>\n<p>&nbsp;<\/p>\n<p>[\/et_pb_text][\/et_pb_column][\/et_pb_row][\/et_pb_section]<\/p>\n","protected":false},"excerpt":{"rendered":"<p>Ihr Partner f\u00fcr hochwertige Praxisschilder in Stuttgart: M\u00f6nch Werbetechnik Ob f\u00fcr Ihr B\u00fcro, die Kanzlei oder Arztpraxis: Ein hochwertiges Schild mit Ihrer Firmierung, dem Logo, einem Slogan oder Bild ist unerl\u00e4sslich. Als Experten f\u00fcr individuelle Praxisschilder in Stuttgart realisieren wir Ihre W\u00fcnsche. Dabei begleiten wir Sie vom ersten Entwurf bis hin zur Montage der Schilder [&hellip;]<\/p>\n","protected":false},"author":2,"featured_media":0,"parent":0,"menu_order":0,"comment_status":"closed","ping_status":"closed","template":"","meta":{"_et_pb_use_builder":"on","_et_pb_old_content":"","_et_gb_content_width":"","ngg_post_thumbnail":0,"footnotes":"","_links_to":"","_links_to_target":""},"class_list":["post-1719","page","type-page","status-publish","hentry"],"_links":{"self":[{"href":"https:\/\/www.moench-werbetechnik.de\/index.php?rest_route=\/wp\/v2\/pages\/1719","targetHints":{"allow":["GET"]}}],"collection":[{"href":"https:\/\/www.moench-werbetechnik.de\/index.php?rest_route=\/wp\/v2\/pages"}],"about":[{"href":"https:\/\/www.moench-werbetechnik.de\/index.php?rest_route=\/wp\/v2\/types\/page"}],"author":[{"embeddable":true,"href":"https:\/\/www.moench-werbetechnik.de\/index.php?rest_route=\/wp\/v2\/users\/2"}],"replies":[{"embeddable":true,"href":"https:\/\/www.moench-werbetechnik.de\/index.php?rest_route=%2Fwp%2Fv2%2Fcomments&post=1719"}],"version-history":[{"count":5,"href":"https:\/\/www.moench-werbetechnik.de\/index.php?rest_route=\/wp\/v2\/pages\/1719\/revisions"}],"predecessor-version":[{"id":1726,"href":"https:\/\/www.moench-werbetechnik.de\/index.php?rest_route=\/wp\/v2\/pages\/1719\/revisions\/1726"}],"wp:attachment":[{"href":"https:\/\/www.moench-werbetechnik.de\/index.php?rest_route=%2Fwp%2Fv2%2Fmedia&parent=1719"}],"curies":[{"name":"wp","href":"https:\/\/api.w.org\/{rel}","templated":true}]}}