{"id":178,"date":"2012-08-21T15:40:44","date_gmt":"2012-08-21T13:40:44","guid":{"rendered":"http:\/\/www.moench-werbetechnik.de\/wordpress\/?page_id=178"},"modified":"2020-09-04T11:26:36","modified_gmt":"2020-09-04T09:26:36","slug":"anfahrt","status":"publish","type":"page","link":"https:\/\/www.moench-werbetechnik.de\/?page_id=178","title":{"rendered":"Anfahrt"},"content":{"rendered":"<p>[et_pb_section fb_built=&#8220;1&#8243; admin_label=&#8220;section&#8220; _builder_version=&#8220;3.0.47&#8243;][et_pb_row admin_label=&#8220;row&#8220; _builder_version=&#8220;3.0.48&#8243; background_size=&#8220;initial&#8220; background_position=&#8220;top_left&#8220; background_repeat=&#8220;repeat&#8220;][et_pb_column type=&#8220;4_4&#8243; _builder_version=&#8220;3.0.47&#8243;][et_pb_text admin_label=&#8220;Text&#8220; _builder_version=&#8220;3.0.74&#8243; background_size=&#8220;initial&#8220; background_position=&#8220;top_left&#8220; background_repeat=&#8220;repeat&#8220;]<\/p>\n<h1>Gesch\u00e4ftszeiten:<\/h1>\n<p>Montag bis Freitag<br>\nvon ca. 8:00 \u2013 18:00 Uhr<\/p>\n<p>Samstag nach Vereinbarung oder einfach vorher anrufen. Anrufe bis 20:00 Uhr in dringenden F\u00e4llen \u00fcber die jeweiligen Handynummern sind \u00fcblichweise kein Problem. Den Kunden, die diesen Service h\u00e4ufiger nutzen m\u00fcssen, werden die Nummern entsprechend zur Verf\u00fcgung gestellt.<\/p>\n<p>Adresse:<br>\nM\u00f6nch Werbetechnik<br>\nEspan, Gewann 3a<br>\nD-70374 Stuttgart<br>\nTel: <a href=\"tel:071152087560\">+49(0)711-520 875 60<\/a><br>\nFax: +49(0)711-520 875 70<br>\n[\/et_pb_text][\/et_pb_column][\/et_pb_row][\/et_pb_section]<\/p>\n\n\n<link rel=\"stylesheet\" href=\"dsa-assets\/cookie.css\">\n\n<div class=\"bewertungen-banner\">\n    <a href=\"https:\/\/www.moench-werbetechnik.de\/?page_id=1419\">Rezensionen &amp; bewerten<\/a>\n<\/div>\n\n\n<div class=\"dsa-cookie-notice\">\n    <div class=\"cookie-inner\">\n        <p>Um unsere Webseite f\u00fcr Sie optimal zu gestalten und fortlaufend verbessern zu k\u00f6nnen, verwenden wir Cookies. Durch die weitere Nutzung der Webseite stimmen Sie der Verwendung von Cookies zu.\n            <br> Weitere Informationen zu Cookies erhalten Sie in unserer <a id=\"cookie_check\" href=\"https:\/\/moench-werbetechnik-de.dsa-secure.de\/datenschutz\" target=\"_blank\" rel=\"noopener noreferrer\">Datenschutzerkl\u00e4rung<\/a>.<\/p>\n    <\/div>\n    <a href=\"javascript:void(0)\" class=\"dsa-cookie-notice-close\">x<\/a>\n<\/div>\n\n<script src=\"dsa-assets\/cookie.js\"><\/script>\n","protected":false},"excerpt":{"rendered":"<p>Gesch\u00e4ftszeiten: Montag bis Freitag von ca. 8:00 \u2013 18:00 Uhr Samstag nach Vereinbarung oder einfach vorher anrufen. Anrufe bis 20:00 Uhr in dringenden F\u00e4llen \u00fcber die jeweiligen Handynummern sind \u00fcblichweise kein Problem. Den Kunden, die diesen Service h\u00e4ufiger nutzen m\u00fcssen, werden die Nummern entsprechend zur Verf\u00fcgung gestellt. Adresse: M\u00f6nch Werbetechnik Espan, Gewann 3a D-70374 Stuttgart [&hellip;]<\/p>\n","protected":false},"author":1,"featured_media":0,"parent":11,"menu_order":-1,"comment_status":"closed","ping_status":"closed","template":"","meta":{"_et_pb_use_builder":"on","_et_pb_old_content":"","_et_gb_content_width":"","ngg_post_thumbnail":0,"footnotes":"","_links_to":"","_links_to_target":""},"class_list":["post-178","page","type-page","status-publish","hentry"],"_links":{"self":[{"href":"https:\/\/www.moench-werbetechnik.de\/index.php?rest_route=\/wp\/v2\/pages\/178","targetHints":{"allow":["GET"]}}],"collection":[{"href":"https:\/\/www.moench-werbetechnik.de\/index.php?rest_route=\/wp\/v2\/pages"}],"about":[{"href":"https:\/\/www.moench-werbetechnik.de\/index.php?rest_route=\/wp\/v2\/types\/page"}],"author":[{"embeddable":true,"href":"https:\/\/www.moench-werbetechnik.de\/index.php?rest_route=\/wp\/v2\/users\/1"}],"replies":[{"embeddable":true,"href":"https:\/\/www.moench-werbetechnik.de\/index.php?rest_route=%2Fwp%2Fv2%2Fcomments&post=178"}],"version-history":[{"count":15,"href":"https:\/\/www.moench-werbetechnik.de\/index.php?rest_route=\/wp\/v2\/pages\/178\/revisions"}],"predecessor-version":[{"id":1643,"href":"https:\/\/www.moench-werbetechnik.de\/index.php?rest_route=\/wp\/v2\/pages\/178\/revisions\/1643"}],"up":[{"embeddable":true,"href":"https:\/\/www.moench-werbetechnik.de\/index.php?rest_route=\/wp\/v2\/pages\/11"}],"wp:attachment":[{"href":"https:\/\/www.moench-werbetechnik.de\/index.php?rest_route=%2Fwp%2Fv2%2Fmedia&parent=178"}],"curies":[{"name":"wp","href":"https:\/\/api.w.org\/{rel}","templated":true}]}}