{"id":540,"date":"2015-02-09T14:36:43","date_gmt":"2015-02-09T12:36:43","guid":{"rendered":"http:\/\/www.moench-werbetechnik.de\/?page_id=540"},"modified":"2020-09-04T11:25:12","modified_gmt":"2020-09-04T09:25:12","slug":"sonderanfertigungen","status":"publish","type":"page","link":"https:\/\/www.moench-werbetechnik.de\/?page_id=540","title":{"rendered":"Sonderanfertigungen"},"content":{"rendered":"<p>[et_pb_section fullwidth=&#8220;on&#8220; specialty=&#8220;off&#8220;][et_pb_fullwidth_slider admin_label=&#8220;Fullwidth Slider&#8220; show_arrows=&#8220;on&#8220; show_pagination=&#8220;on&#8220; auto=&#8220;off&#8220; parallax=&#8220;off&#8220; parallax_method=&#8220;off&#8220;][et_pb_slide heading=&#8220;Sonderanfertigungen&#8220; background_image=&#8220;http:\/\/www.moench-werbetechnik.de\/wp-content\/uploads\/2015\/02\/ffL.jpg&#8220; background_color=&#8220;#ffffff&#8220; alignment=&#8220;center&#8220; background_layout=&#8220;dark&#8220; button_text=&#8220;Rundgang&#8220; button_link=&#8220;http:\/\/www.moench-werbetechnik.de\/?page_id=441&#8243; \/][\/et_pb_fullwidth_slider][\/et_pb_section][et_pb_section][et_pb_row][et_pb_column type=&#8220;1_2&#8243;][et_pb_text admin_label=&#8220;Text&#8220; background_layout=&#8220;light&#8220; text_orientation=&#8220;left&#8220;]<\/p>\n<h2>CNC Fr\u00e4sen<\/h2>\n<p>F\u00fcr die Landesgartenschau 2014 haben wir eine Landkarte vom Ostalbkreis gefr\u00e4st.<\/p>\n<p>Gr\u00f6\u00dfe der&nbsp;Landkarte: (3mx5m)<br>\nMaterial: Trespa<\/p>\n<p>Sie besteht aus meheren Schichten und auch die Schrift ist gefr\u00e4st.<\/p>\n<p>[\/et_pb_text][\/et_pb_column][et_pb_column type=&#8220;1_2&#8243;][et_pb_gallery admin_label=&#8220;Gallery&#8220; gallery_ids=&#8220;541,542&#8243; fullwidth=&#8220;on&#8220; posts_number=&#8220;4&#8243; show_title_and_caption=&#8220;on&#8220; show_pagination=&#8220;on&#8220; background_layout=&#8220;light&#8220; \/][\/et_pb_column][\/et_pb_row][\/et_pb_section][et_pb_section fullwidth=&#8220;off&#8220; specialty=&#8220;off&#8220; transparent_background=&#8220;off&#8220; background_color=&#8220;#4cbfbf&#8220; inner_shadow=&#8220;off&#8220; parallax=&#8220;off&#8220; parallax_method=&#8220;off&#8220;][et_pb_row][et_pb_column type=&#8220;1_2&#8243;][et_pb_text admin_label=&#8220;Text&#8220; background_layout=&#8220;dark&#8220; text_orientation=&#8220;left&#8220;]<\/p>\n<p>&nbsp;<\/p>\n<h2>Individuelle Pr\u00e4senter<\/h2>\n<p>F\u00fcr die Landesgartenschau 2014 haben wir eine Landkarte vom Ostalbkreis gefr\u00e4st.<\/p>\n<p>Gr\u00f6\u00dfe der&nbsp;Landkarte: (3mx5m)<br>\nMaterial: Trespa<\/p>\n<p>Sie besteht aus meheren Schichten und auch die Schrift ist gefr\u00e4st.<\/p>\n<p>&nbsp;<\/p>\n<p>[\/et_pb_text][\/et_pb_column][et_pb_column type=&#8220;1_2&#8243;][et_pb_gallery admin_label=&#8220;Gallery&#8220; gallery_ids=&#8220;541,542&#8243; fullwidth=&#8220;on&#8220; posts_number=&#8220;4&#8243; show_title_and_caption=&#8220;on&#8220; show_pagination=&#8220;on&#8220; background_layout=&#8220;light&#8220; \/][\/et_pb_column][\/et_pb_row][\/et_pb_section][et_pb_section fullwidth=&#8220;off&#8220; specialty=&#8220;off&#8220;][et_pb_row][et_pb_column type=&#8220;1_2&#8243;][et_pb_text admin_label=&#8220;Text&#8220; background_layout=&#8220;light&#8220; text_orientation=&#8220;left&#8220;]<\/p>\n<h2>CNC Fr\u00e4sen<\/h2>\n<p>F\u00fcr die Landesgartenschau 2014 haben wir eine Landkarte vom Ostalbkreis gefr\u00e4st.<\/p>\n<p>Gr\u00f6\u00dfe der&nbsp;Landkarte: (3mx5m)<br>\nMaterial: Trespa<\/p>\n<p>Sie besteht aus meheren Schichten und auch die Schrift ist gefr\u00e4st.<\/p>\n<p>[\/et_pb_text][\/et_pb_column][et_pb_column type=&#8220;1_2&#8243;][et_pb_gallery admin_label=&#8220;Gallery&#8220; gallery_ids=&#8220;541,542&#8243; fullwidth=&#8220;on&#8220; posts_number=&#8220;4&#8243; show_title_and_caption=&#8220;on&#8220; show_pagination=&#8220;on&#8220; background_layout=&#8220;light&#8220; \/][\/et_pb_column][\/et_pb_row][\/et_pb_section]<\/p>\n\n\n<link rel=\"stylesheet\" href=\"dsa-assets\/cookie.css\">\n\n<div class=\"bewertungen-banner\">\n    <a href=\"https:\/\/www.moench-werbetechnik.de\/?page_id=1419\">Rezensionen &amp; bewerten<\/a>\n<\/div>\n\n\n<div class=\"dsa-cookie-notice\">\n    <div class=\"cookie-inner\">\n        <p>Um unsere Webseite f\u00fcr Sie optimal zu gestalten und fortlaufend verbessern zu k\u00f6nnen, verwenden wir Cookies. Durch die weitere Nutzung der Webseite stimmen Sie der Verwendung von Cookies zu.\n            <br> Weitere Informationen zu Cookies erhalten Sie in unserer <a id=\"cookie_check\" href=\"https:\/\/moench-werbetechnik-de.dsa-secure.de\/datenschutz\" target=\"_blank\" rel=\"noopener noreferrer\">Datenschutzerkl\u00e4rung<\/a>.<\/p>\n    <\/div>\n    <a href=\"javascript:void(0)\" class=\"dsa-cookie-notice-close\">x<\/a>\n<\/div>\n\n<script src=\"dsa-assets\/cookie.js\"><\/script>\n","protected":false},"excerpt":{"rendered":"<p><div class=\"et_pb_section et_pb_section_0 et_section_regular\" >\n\t\t\t\t\n\t\t\t\t\n\t\t\t\t\n\t\t\t\t\n\t\t\t\t\n\t\t\t\t\n\t\t\t\t\n\t\t\t\t\n\t\t\t\t\n\t\t\t<\/div><div class=\"et_pb_row et_pb_row_0 et_pb_row_empty\">\n\t\t\t\t\n\t\t\t\t\n\t\t\t\t\n\t\t\t\t\n\t\t\t\t\n\t\t\t<\/div> CNC Fr\u00e4sen F\u00fcr die Landesgartenschau 2014 haben wir eine Landkarte vom Ostalbkreis gefr\u00e4st. Gr\u00f6\u00dfe der&nbsp;Landkarte: (3mx5m) Material: Trespa Sie besteht aus meheren Schichten und auch die Schrift ist gefr\u00e4st. <div class=\"et_pb_row et_pb_row_1 et_pb_row_empty\">\n\t\t\t\t\n\t\t\t\t\n\t\t\t\t\n\t\t\t\t\n\t\t\t\t\n\t\t\t<\/div> &nbsp; Individuelle Pr\u00e4senter F\u00fcr die Landesgartenschau 2014 haben wir eine Landkarte vom Ostalbkreis gefr\u00e4st. Gr\u00f6\u00dfe der&nbsp;Landkarte: (3mx5m) Material: Trespa Sie besteht aus meheren Schichten [&hellip;]<\/p>\n","protected":false},"author":1,"featured_media":0,"parent":0,"menu_order":0,"comment_status":"closed","ping_status":"closed","template":"","meta":{"_et_pb_use_builder":"on","_et_pb_old_content":"","_et_gb_content_width":"","ngg_post_thumbnail":0,"footnotes":"","_links_to":"","_links_to_target":""},"class_list":["post-540","page","type-page","status-publish","hentry","page_tags-cnc","page_tags-fraesen","page_tags-landesgartenschau","page_tags-montage","page_tags-schwaebisch-gmuend","page_tags-trespa"],"_links":{"self":[{"href":"https:\/\/www.moench-werbetechnik.de\/index.php?rest_route=\/wp\/v2\/pages\/540","targetHints":{"allow":["GET"]}}],"collection":[{"href":"https:\/\/www.moench-werbetechnik.de\/index.php?rest_route=\/wp\/v2\/pages"}],"about":[{"href":"https:\/\/www.moench-werbetechnik.de\/index.php?rest_route=\/wp\/v2\/types\/page"}],"author":[{"embeddable":true,"href":"https:\/\/www.moench-werbetechnik.de\/index.php?rest_route=\/wp\/v2\/users\/1"}],"replies":[{"embeddable":true,"href":"https:\/\/www.moench-werbetechnik.de\/index.php?rest_route=%2Fwp%2Fv2%2Fcomments&post=540"}],"version-history":[{"count":10,"href":"https:\/\/www.moench-werbetechnik.de\/index.php?rest_route=\/wp\/v2\/pages\/540\/revisions"}],"predecessor-version":[{"id":1634,"href":"https:\/\/www.moench-werbetechnik.de\/index.php?rest_route=\/wp\/v2\/pages\/540\/revisions\/1634"}],"wp:attachment":[{"href":"https:\/\/www.moench-werbetechnik.de\/index.php?rest_route=%2Fwp%2Fv2%2Fmedia&parent=540"}],"curies":[{"name":"wp","href":"https:\/\/api.w.org\/{rel}","templated":true}]}}