{"id":86,"date":"2012-08-21T11:37:51","date_gmt":"2012-08-21T09:37:51","guid":{"rendered":"http:\/\/www.moench-werbetechnik.de\/wordpress\/?page_id=86"},"modified":"2020-09-04T11:24:11","modified_gmt":"2020-09-04T09:24:11","slug":"fahrzeugbeschriftungen","status":"publish","type":"page","link":"https:\/\/www.moench-werbetechnik.de\/?page_id=86","title":{"rendered":"Fahrzeugbeschriftungen"},"content":{"rendered":"<p>[et_pb_section fb_built=&#8220;1&#8243; fullwidth=&#8220;on&#8220; admin_label=&#8220;section&#8220; _builder_version=&#8220;3.0.47&#8243;][et_pb_fullwidth_slider admin_label=&#8220;Fullwidth Slider&#8220; _builder_version=&#8220;3.19.4&#8243; background_size=&#8220;default&#8220; background_position=&#8220;default&#8220; custom_button=&#8220;on&#8220; button_border_radius=&#8220;0&#8243; button_use_icon=&#8220;default&#8220; box_shadow_style=&#8220;preset6&#8243; box_shadow_blur=&#8220;10px&#8220; box_shadow_color=&#8220;rgba(0,0,0,0.1)&#8220; custom_padding=&#8220;|||&#8220; custom_padding_tablet=&#8220;|||&#8220; custom_padding_phone=&#8220;|||&#8220; remove_inner_shadow=&#8220;off&#8220; hide_content_on_mobile=&#8220;off&#8220; hide_cta_on_mobile=&#8220;off&#8220; show_inner_shadow=&#8220;on&#8220; button_letter_spacing_hover=&#8220;0&#8243; button_text_size__hover_enabled=&#8220;off&#8220; button_one_text_size__hover_enabled=&#8220;off&#8220; button_two_text_size__hover_enabled=&#8220;off&#8220; button_text_color__hover_enabled=&#8220;off&#8220; button_one_text_color__hover_enabled=&#8220;off&#8220; button_two_text_color__hover_enabled=&#8220;off&#8220; button_border_width__hover_enabled=&#8220;off&#8220; button_one_border_width__hover_enabled=&#8220;off&#8220; button_two_border_width__hover_enabled=&#8220;off&#8220; button_border_color__hover_enabled=&#8220;off&#8220; button_one_border_color__hover_enabled=&#8220;off&#8220; button_two_border_color__hover_enabled=&#8220;off&#8220; button_border_radius__hover_enabled=&#8220;off&#8220; button_one_border_radius__hover_enabled=&#8220;off&#8220; button_two_border_radius__hover_enabled=&#8220;off&#8220; button_letter_spacing__hover_enabled=&#8220;on&#8220; button_letter_spacing__hover=&#8220;0&#8243; button_one_letter_spacing__hover_enabled=&#8220;off&#8220; button_two_letter_spacing__hover_enabled=&#8220;off&#8220; button_bg_color__hover_enabled=&#8220;off&#8220; button_one_bg_color__hover_enabled=&#8220;off&#8220; button_two_bg_color__hover_enabled=&#8220;off&#8220;][et_pb_slide heading=&#8220;Fahrzeugbeschriftungen&#8220; button_text=&#8220;Rundgang&#8220; button_link=&#8220;\/?page_id=144&#8243; use_bg_overlay=&#8220;off&#8220; use_text_overlay=&#8220;off&#8220; _builder_version=&#8220;3.19.4&#8243; header_font=&#8220;||||&#8220; body_font=&#8220;||||&#8220; background_color=&#8220;#ffffff&#8220; background_image=&#8220;https:\/\/www.moench-werbetechnik.de\/wp-content\/uploads\/2019\/01\/DSC_00233335-1.jpg&#8220; background_size=&#8220;default&#8220; background_position=&#8220;default&#8220; button_icon_placement=&#8220;right&#8220; button_on_hover=&#8220;on&#8220; button_text_size__hover_enabled=&#8220;off&#8220; button_one_text_size__hover_enabled=&#8220;off&#8220; button_two_text_size__hover_enabled=&#8220;off&#8220; button_text_color__hover_enabled=&#8220;off&#8220; button_one_text_color__hover_enabled=&#8220;off&#8220; button_two_text_color__hover_enabled=&#8220;off&#8220; button_border_width__hover_enabled=&#8220;off&#8220; button_one_border_width__hover_enabled=&#8220;off&#8220; button_two_border_width__hover_enabled=&#8220;off&#8220; button_border_color__hover_enabled=&#8220;off&#8220; button_one_border_color__hover_enabled=&#8220;off&#8220; button_two_border_color__hover_enabled=&#8220;off&#8220; button_border_radius__hover_enabled=&#8220;off&#8220; button_one_border_radius__hover_enabled=&#8220;off&#8220; button_two_border_radius__hover_enabled=&#8220;off&#8220; button_letter_spacing__hover_enabled=&#8220;off&#8220; button_one_letter_spacing__hover_enabled=&#8220;off&#8220; button_two_letter_spacing__hover_enabled=&#8220;off&#8220; button_bg_color__hover_enabled=&#8220;off&#8220; button_one_bg_color__hover_enabled=&#8220;off&#8220; button_two_bg_color__hover_enabled=&#8220;off&#8220;][\/et_pb_slide][\/et_pb_fullwidth_slider][\/et_pb_section][et_pb_section fb_built=&#8220;1&#8243; specialty=&#8220;on&#8220; admin_label=&#8220;Sektion&#8220; _builder_version=&#8220;3.0.47&#8243;][et_pb_column type=&#8220;1_3&#8243; _builder_version=&#8220;3.0.47&#8243; parallax__hover=&#8220;off&#8220; parallax_method__hover=&#8220;on&#8220; parallax=&#8220;off&#8220; parallax_method=&#8220;on&#8220;][et_pb_text admin_label=&#8220;Text&#8220; _builder_version=&#8220;3.0.74&#8243; background_size=&#8220;initial&#8220; background_position=&#8220;top_left&#8220; background_repeat=&#8220;repeat&#8220;]<span style=\"font-size: large;\">Mobile Werbung<\/span><\/p>\n<p>Von einfach bis ausgeflippt, von der Schrift bis zum Bild ist alles machbar.<br>\nMit einer professionellen KFZ &#8211; Beschriftung erh\u00f6hen Sie Ihren Bekanntheitsgrad und machen neue Kunden auf sich aufmerksam.<\/p>\n<p>Gestalten Sie Ihre Werbebotschaft, wir setzen Ihre Ideen um oder sind Ihnen dabei behilflich.<\/p>\n<p>Wir arbeiten mit speziell daf\u00fcr entwickelten Folien, die sich durch ihre lange Haltbarkeit sowie absolute Farbechtheit auszeichnen.<br>\nAuch ein r\u00fcckstandsloses Entfernen der Folien ist jederzeit m\u00f6glich !<\/p>\n<p><span style=\"color: #000000;\">Es k\u00f6nnen alternativ auch freigestellte und ausgeschnittene Bildmotive im Digitaldruck erstellt und verklebt werden.<\/span><\/p>\n<p>Dezent oder auffallend, das Auto ist Ihr optimaler Werbetr\u00e4ger und wirbt t\u00e4glich und \u00fcberall f\u00fcr Sie.<br>\nSelbst geparkte Fahrzeuge sind mobile Plakatw\u00e4nde ![\/et_pb_text][\/et_pb_column][et_pb_column type=&#8220;2_3&#8243; specialty_columns=&#8220;2&#8243; _builder_version=&#8220;3.0.47&#8243; parallax__hover=&#8220;off&#8220; parallax_method__hover=&#8220;on&#8220; parallax=&#8220;off&#8220; parallax_method=&#8220;on&#8220;][et_pb_row_inner custom_padding=&#8220;29.6833px|5px|0|5px|false|false&#8220; _builder_version=&#8220;3.17.6&#8243; box_shadow_style=&#8220;preset2&#8243; custom_margin=&#8220;5px|||&#8220;][et_pb_column_inner type=&#8220;4_4&#8243; saved_specialty_column_type=&#8220;2_3&#8243; _builder_version=&#8220;3.0.47&#8243; parallax__hover=&#8220;off&#8220; parallax_method__hover=&#8220;on&#8220; parallax=&#8220;off&#8220; parallax_method=&#8220;on&#8220;][et_pb_image src=&#8220;wp-content\/uploads\/2019\/01\/DSC_0005.jpg&#8220; _builder_version=&#8220;3.17.6&#8243;][\/et_pb_image][\/et_pb_column_inner][\/et_pb_row_inner][et_pb_row_inner custom_padding=&#8220;0|5px|29.6833px|5px|false|false&#8220; use_custom_gutter=&#8220;on&#8220; gutter_width=&#8220;1&#8243; parallax_method_1=&#8220;off&#8220; parallax_method_2=&#8220;off&#8220; admin_label=&#8220;Zeile&#8220; _builder_version=&#8220;3.17.6&#8243; box_shadow_style=&#8220;preset2&#8243;][et_pb_column_inner type=&#8220;1_2&#8243; saved_specialty_column_type=&#8220;2_3&#8243; _builder_version=&#8220;3.0.47&#8243; parallax__hover=&#8220;off&#8220; parallax_method__hover=&#8220;off&#8220; parallax=&#8220;off&#8220; parallax_method=&#8220;off&#8220;][et_pb_image src=&#8220;https:\/\/www.moench-werbetechnik.de\/wp-content\/uploads\/2012\/08\/20120526_131339-e1551694140733.jpg&#8220; admin_label=&#8220;Bild&#8220; _builder_version=&#8220;3.19.6&#8243; use_border_color=&#8220;off&#8220; border_color=&#8220;#ffffff&#8220; border_style=&#8220;solid&#8220; animation=&#8220;off&#8220; sticky=&#8220;off&#8220;][\/et_pb_image][et_pb_image src=&#8220;\/wp-content\/uploads\/2012\/08\/20120828_160651.jpg&#8220; admin_label=&#8220;Bild&#8220; _builder_version=&#8220;3.0.87&#8243; use_border_color=&#8220;off&#8220; border_color=&#8220;#ffffff&#8220; border_style=&#8220;solid&#8220; animation=&#8220;off&#8220; sticky=&#8220;off&#8220;][\/et_pb_image][et_pb_image src=&#8220;\/wp-content\/uploads\/2012\/08\/moench-werbetechnik-Fahrzeugbeschriftung-bayar.jpg&#8220; admin_label=&#8220;Bild&#8220; _builder_version=&#8220;3.0.87&#8243; use_border_color=&#8220;off&#8220; border_color=&#8220;#ffffff&#8220; border_style=&#8220;solid&#8220; animation=&#8220;off&#8220; sticky=&#8220;off&#8220;][\/et_pb_image][et_pb_image src=&#8220;\/wp-content\/uploads\/2012\/08\/Sindik-Bus.jpg&#8220; admin_label=&#8220;Bild&#8220; _builder_version=&#8220;3.0.87&#8243; use_border_color=&#8220;off&#8220; border_color=&#8220;#ffffff&#8220; border_style=&#8220;solid&#8220; animation=&#8220;off&#8220; sticky=&#8220;off&#8220;][\/et_pb_image][\/et_pb_column_inner][et_pb_column_inner type=&#8220;1_2&#8243; saved_specialty_column_type=&#8220;2_3&#8243; _builder_version=&#8220;3.0.47&#8243; parallax__hover=&#8220;off&#8220; parallax_method__hover=&#8220;off&#8220; parallax=&#8220;off&#8220; parallax_method=&#8220;off&#8220;][et_pb_image src=&#8220;\/wp-content\/uploads\/2012\/08\/20120630_102033.jpg&#8220; admin_label=&#8220;Bild&#8220; _builder_version=&#8220;3.0.87&#8243; use_border_color=&#8220;off&#8220; border_color=&#8220;#ffffff&#8220; border_style=&#8220;solid&#8220; animation=&#8220;off&#8220; sticky=&#8220;off&#8220;][\/et_pb_image][et_pb_image src=&#8220;\/wp-content\/uploads\/2012\/08\/20120303_130440.jpg&#8220; admin_label=&#8220;Bild&#8220; _builder_version=&#8220;3.0.87&#8243; use_border_color=&#8220;off&#8220; border_color=&#8220;#ffffff&#8220; border_style=&#8220;solid&#8220; animation=&#8220;off&#8220; sticky=&#8220;off&#8220;][\/et_pb_image][et_pb_image src=&#8220;\/wp-content\/uploads\/2012\/08\/Moench-Werbetechnik_Anhaenger_Beschriftung_Hoermann_links.jpg&#8220; admin_label=&#8220;Bild&#8220; _builder_version=&#8220;3.0.87&#8243; use_border_color=&#8220;off&#8220; border_color=&#8220;#ffffff&#8220; border_style=&#8220;solid&#8220; animation=&#8220;off&#8220; sticky=&#8220;off&#8220;][\/et_pb_image][et_pb_image src=&#8220;\/wp-content\/uploads\/2017\/04\/20170324_165430.jpg&#8220; admin_label=&#8220;Bild&#8220; _builder_version=&#8220;3.0.87&#8243; use_border_color=&#8220;off&#8220; border_color=&#8220;#ffffff&#8220; border_style=&#8220;solid&#8220; animation=&#8220;off&#8220; sticky=&#8220;off&#8220;][\/et_pb_image][\/et_pb_column_inner][\/et_pb_row_inner][\/et_pb_column][\/et_pb_section]<\/p>\n\n\n<link rel=\"stylesheet\" href=\"dsa-assets\/cookie.css\">\n\n<div class=\"bewertungen-banner\">\n    <a href=\"https:\/\/www.moench-werbetechnik.de\/?page_id=1419\">Rezensionen &amp; bewerten<\/a>\n<\/div>\n\n\n<div class=\"dsa-cookie-notice\">\n    <div class=\"cookie-inner\">\n        <p>Um unsere Webseite f\u00fcr Sie optimal zu gestalten und fortlaufend verbessern zu k\u00f6nnen, verwenden wir Cookies. Durch die weitere Nutzung der Webseite stimmen Sie der Verwendung von Cookies zu.\n            <br> Weitere Informationen zu Cookies erhalten Sie in unserer <a id=\"cookie_check\" href=\"https:\/\/moench-werbetechnik-de.dsa-secure.de\/datenschutz\" target=\"_blank\" rel=\"noopener noreferrer\">Datenschutzerkl\u00e4rung<\/a>.<\/p>\n    <\/div>\n    <a href=\"javascript:void(0)\" class=\"dsa-cookie-notice-close\">x<\/a>\n<\/div>\n\n<script src=\"dsa-assets\/cookie.js\"><\/script>\n","protected":false},"excerpt":{"rendered":"<p>Mobile Werbung Von einfach bis ausgeflippt, von der Schrift bis zum Bild ist alles machbar. Mit einer professionellen KFZ &#8211; Beschriftung erh\u00f6hen Sie Ihren Bekanntheitsgrad und machen neue Kunden auf sich aufmerksam. Gestalten Sie Ihre Werbebotschaft, wir setzen Ihre Ideen um oder sind Ihnen dabei behilflich. Wir arbeiten mit speziell daf\u00fcr entwickelten Folien, die sich [&hellip;]<\/p>\n","protected":false},"author":1,"featured_media":0,"parent":7,"menu_order":0,"comment_status":"closed","ping_status":"closed","template":"","meta":{"_et_pb_use_builder":"on","_et_pb_old_content":"","_et_gb_content_width":"","ngg_post_thumbnail":0,"footnotes":"","_links_to":"","_links_to_target":""},"class_list":["post-86","page","type-page","status-publish","hentry","page_tags-anhaenger","page_tags-aufkleber","page_tags-bagger","page_tags-banner","page_tags-beschriftung","page_tags-digitaldruck","page_tags-fahrzeuge","page_tags-folienbeschriftung","page_tags-folienschriften","page_tags-glasdekor","page_tags-lkw","page_tags-milchglasfolie","page_tags-motorraeder","page_tags-pkw","page_tags-schaufenster","page_tags-transporter"],"_links":{"self":[{"href":"https:\/\/www.moench-werbetechnik.de\/index.php?rest_route=\/wp\/v2\/pages\/86","targetHints":{"allow":["GET"]}}],"collection":[{"href":"https:\/\/www.moench-werbetechnik.de\/index.php?rest_route=\/wp\/v2\/pages"}],"about":[{"href":"https:\/\/www.moench-werbetechnik.de\/index.php?rest_route=\/wp\/v2\/types\/page"}],"author":[{"embeddable":true,"href":"https:\/\/www.moench-werbetechnik.de\/index.php?rest_route=\/wp\/v2\/users\/1"}],"replies":[{"embeddable":true,"href":"https:\/\/www.moench-werbetechnik.de\/index.php?rest_route=%2Fwp%2Fv2%2Fcomments&post=86"}],"version-history":[{"count":25,"href":"https:\/\/www.moench-werbetechnik.de\/index.php?rest_route=\/wp\/v2\/pages\/86\/revisions"}],"predecessor-version":[{"id":1616,"href":"https:\/\/www.moench-werbetechnik.de\/index.php?rest_route=\/wp\/v2\/pages\/86\/revisions\/1616"}],"up":[{"embeddable":true,"href":"https:\/\/www.moench-werbetechnik.de\/index.php?rest_route=\/wp\/v2\/pages\/7"}],"wp:attachment":[{"href":"https:\/\/www.moench-werbetechnik.de\/index.php?rest_route=%2Fwp%2Fv2%2Fmedia&parent=86"}],"curies":[{"name":"wp","href":"https:\/\/api.w.org\/{rel}","templated":true}]}}