{"id":904,"date":"2019-01-08T17:12:42","date_gmt":"2019-01-08T15:12:42","guid":{"rendered":"http:\/\/www.moench-werbetechnik.de\/?page_id=904"},"modified":"2020-12-02T08:35:55","modified_gmt":"2020-12-02T07:35:55","slug":"cnc-laser","status":"publish","type":"page","link":"https:\/\/www.moench-werbetechnik.de\/?page_id=904","title":{"rendered":"CNC &#038; Laser"},"content":{"rendered":"<p>[et_pb_section fb_built=&#8220;1&#8243; fullwidth=&#8220;on&#8220; admin_label=&#8220;section&#8220; _builder_version=&#8220;3.0.47&#8243; custom_padding=&#8220;0px|0px|0|0px|false|false&#8220;][et_pb_fullwidth_slider admin_label=&#8220;Fullwidth Slider&#8220; _builder_version=&#8220;3.19.4&#8243; background_position=&#8220;top_left&#8220; custom_button=&#8220;on&#8220; button_border_radius=&#8220;0&#8243; custom_padding=&#8220;|||&#8220; button_text_size__hover_enabled=&#8220;off&#8220; button_text_size__hover=&#8220;null&#8220; button_one_text_size__hover_enabled=&#8220;off&#8220; button_one_text_size__hover=&#8220;null&#8220; button_two_text_size__hover_enabled=&#8220;off&#8220; button_two_text_size__hover=&#8220;null&#8220; button_text_color__hover_enabled=&#8220;off&#8220; button_text_color__hover=&#8220;null&#8220; button_one_text_color__hover_enabled=&#8220;off&#8220; button_one_text_color__hover=&#8220;null&#8220; button_two_text_color__hover_enabled=&#8220;off&#8220; button_two_text_color__hover=&#8220;null&#8220; button_border_width__hover_enabled=&#8220;off&#8220; button_border_width__hover=&#8220;null&#8220; button_one_border_width__hover_enabled=&#8220;off&#8220; button_one_border_width__hover=&#8220;null&#8220; button_two_border_width__hover_enabled=&#8220;off&#8220; button_two_border_width__hover=&#8220;null&#8220; button_border_color__hover_enabled=&#8220;off&#8220; button_border_color__hover=&#8220;null&#8220; button_one_border_color__hover_enabled=&#8220;off&#8220; button_one_border_color__hover=&#8220;null&#8220; button_two_border_color__hover_enabled=&#8220;off&#8220; button_two_border_color__hover=&#8220;null&#8220; button_border_radius__hover_enabled=&#8220;off&#8220; button_border_radius__hover=&#8220;null&#8220; button_one_border_radius__hover_enabled=&#8220;off&#8220; button_one_border_radius__hover=&#8220;null&#8220; button_two_border_radius__hover_enabled=&#8220;off&#8220; button_two_border_radius__hover=&#8220;null&#8220; button_letter_spacing__hover_enabled=&#8220;on&#8220; button_letter_spacing__hover=&#8220;0&#8243; button_one_letter_spacing__hover_enabled=&#8220;off&#8220; button_one_letter_spacing__hover=&#8220;null&#8220; button_two_letter_spacing__hover_enabled=&#8220;off&#8220; button_two_letter_spacing__hover=&#8220;null&#8220; button_bg_color__hover_enabled=&#8220;off&#8220; button_bg_color__hover=&#8220;null&#8220; button_one_bg_color__hover_enabled=&#8220;off&#8220; button_one_bg_color__hover=&#8220;null&#8220; button_two_bg_color__hover_enabled=&#8220;off&#8220; button_two_bg_color__hover=&#8220;null&#8220;][et_pb_slide heading=&#8220;Laser SCHNEIDEN &amp; CNC Fr\u00e4sen&#8220; button_text=&#8220;Rundgang&#8220; button_link=&#8220;\/?page_id=441&#8243; use_bg_overlay=&#8220;off&#8220; use_text_overlay=&#8220;off&#8220; _builder_version=&#8220;3.19.4&#8243; header_font=&#8220;||||&#8220; body_font=&#8220;||||&#8220; background_color=&#8220;#ffffff&#8220; background_image=&#8220;wp-content\/uploads\/2019\/01\/20181116_163224_head-Kopie.jpg&#8220; background_position=&#8220;top_left&#8220; button_on_hover=&#8220;on&#8220;][\/et_pb_slide][\/et_pb_fullwidth_slider][\/et_pb_section][et_pb_section fb_built=&#8220;1&#8243; specialty=&#8220;on&#8220; _builder_version=&#8220;3.0.47&#8243;][et_pb_column type=&#8220;1_3&#8243; _builder_version=&#8220;3.0.47&#8243; parallax__hover=&#8220;off&#8220; parallax_method__hover=&#8220;on&#8220; parallax=&#8220;off&#8220; parallax_method=&#8220;on&#8220;][et_pb_text _builder_version=&#8220;3.19.4&#8243; background_size=&#8220;initial&#8220; background_position=&#8220;top_left&#8220; background_repeat=&#8220;repeat&#8220;]<\/p>\n<h2><span style=\"font-size: large;\">CNC lasern &amp; fr\u00e4sen<\/span><\/h2>\n<p>Mit unseren hauseigenen CNC Laser- und CNC Fr\u00e4smaschinen, k\u00f6nnen wir individuell&nbsp; Schilder und Schriftz\u00fcge aus Plattenmaterial&nbsp; in allen Formen bei uns im Betrieb selbst herstellen.<\/p>\n<p>Mit der CNC-Fr\u00e4se werden z.b folgende Materialien in Form gebracht:<\/p>\n<ul>\n<li>Aluminium-Verbundplatten<\/li>\n<li>PVC-Hartschaum<\/li>\n<li>Holzwerkstoffe<\/li>\n<li>MDF, HDF, CDF-Platten<\/li>\n<\/ul>\n<p>Mit dem CNC-Laser bearbeiten wir folgende&nbsp; Materialien:<\/p>\n<ul>\n<li>Acrylglas<\/li>\n<li>Gummi<\/li>\n<li>Neopren<\/li>\n<li>Karton<\/li>\n<\/ul>\n<p>Eine Lasergravur ist pr\u00e4zise bis ins kleinste Detail, absolut konturenscharf und l\u00e4sst sich immer wieder exakt reproduzieren.<br>Im Gegensatz zu Aufdrucken ist die Lasergravur best\u00e4ndig wie das Tr\u00e4germaterial, chemikalienfrei und umweltfreundlich.<\/p>\n<p>Gerne beraten wir Sie in einem pers\u00f6nlichem Gespr\u00e4ch.<\/p>\n<p>[\/et_pb_text][\/et_pb_column][et_pb_column type=&#8220;2_3&#8243; specialty_columns=&#8220;2&#8243; _builder_version=&#8220;3.0.47&#8243; parallax__hover=&#8220;off&#8220; parallax_method__hover=&#8220;on&#8220; parallax=&#8220;off&#8220; parallax_method=&#8220;on&#8220;][et_pb_row_inner custom_padding=&#8220;5px|5px|5px|5px&#8220; use_custom_gutter=&#8220;on&#8220; gutter_width=&#8220;1&#8243; padding_left_right_link_1=&#8220;false&#8220; parallax_method_1=&#8220;off&#8220; parallax_method_2=&#8220;off&#8220; padding_1_last_edited=&#8220;off|desktop&#8220; admin_label=&#8220;Zeile&#8220; _builder_version=&#8220;3.17.6&#8243; box_shadow_style=&#8220;preset2&#8243; custom_margin=&#8220;5px|5px|5px|5px&#8220;][et_pb_column_inner type=&#8220;1_2&#8243; saved_specialty_column_type=&#8220;2_3&#8243; _builder_version=&#8220;3.0.47&#8243; parallax__hover=&#8220;off&#8220; parallax_method__hover=&#8220;off&#8220; padding_last_edited__hover=&#8220;off|desktop&#8220; padding_last_edited=&#8220;off|desktop&#8220; parallax=&#8220;off&#8220; parallax_method=&#8220;off&#8220;][et_pb_image src=&#8220;wp-content\/uploads\/2019\/01\/20140408_140740_k.jpg&#8220; _builder_version=&#8220;3.17.6&#8243; use_border_color=&#8220;off&#8220;][\/et_pb_image][et_pb_image src=&#8220;wp-content\/uploads\/2019\/01\/20170602_113215_k.jpg&#8220; _builder_version=&#8220;3.17.6&#8243; use_border_color=&#8220;off&#8220; border_color=&#8220;#ffffff&#8220; border_style=&#8220;solid&#8220; animation=&#8220;off&#8220; sticky=&#8220;off&#8220;][\/et_pb_image][et_pb_image src=&#8220;wp-content\/uploads\/2019\/01\/20181114_115501_k.jpg&#8220; _builder_version=&#8220;3.17.6&#8243; use_border_color=&#8220;off&#8220; border_color=&#8220;#ffffff&#8220; border_style=&#8220;solid&#8220; animation=&#8220;off&#8220; sticky=&#8220;off&#8220;][\/et_pb_image][et_pb_image src=&#8220;wp-content\/uploads\/2019\/01\/20160914_120209_k.jpg&#8220; _builder_version=&#8220;3.17.6&#8243; use_border_color=&#8220;off&#8220; border_color=&#8220;#ffffff&#8220; border_style=&#8220;solid&#8220; animation=&#8220;off&#8220; sticky=&#8220;off&#8220;][\/et_pb_image][\/et_pb_column_inner][et_pb_column_inner type=&#8220;1_2&#8243; saved_specialty_column_type=&#8220;2_3&#8243; _builder_version=&#8220;3.0.47&#8243; parallax__hover=&#8220;off&#8220; parallax_method__hover=&#8220;off&#8220; parallax=&#8220;off&#8220; parallax_method=&#8220;off&#8220;][et_pb_image src=&#8220;wp-content\/uploads\/2019\/01\/20181116_163224_k.jpg&#8220; _builder_version=&#8220;3.17.6&#8243; use_border_color=&#8220;off&#8220;][\/et_pb_image][et_pb_image src=&#8220;wp-content\/uploads\/2019\/01\/20140116_144057_k.jpg&#8220; _builder_version=&#8220;3.17.6&#8243; use_border_color=&#8220;off&#8220;][\/et_pb_image][et_pb_image src=&#8220;wp-content\/uploads\/2019\/01\/DSC_1474_k.jpg&#8220; _builder_version=&#8220;3.17.6&#8243; use_border_color=&#8220;off&#8220;][\/et_pb_image][et_pb_image src=&#8220;wp-content\/uploads\/2019\/01\/20130308_174158_k.jpg&#8220; _builder_version=&#8220;3.17.6&#8243; use_border_color=&#8220;off&#8220;][\/et_pb_image][\/et_pb_column_inner][\/et_pb_row_inner][\/et_pb_column][\/et_pb_section]<\/p>\n\n\n<link rel=\"stylesheet\" href=\"dsa-assets\/cookie.css\">\n\n<div class=\"bewertungen-banner\">\n    <a href=\"https:\/\/www.moench-werbetechnik.de\/?page_id=1419\">Rezensionen &amp; bewerten<\/a>\n<\/div>\n\n\n<div class=\"dsa-cookie-notice\">\n    <div class=\"cookie-inner\">\n        <p>Um unsere Webseite f\u00fcr Sie optimal zu gestalten und fortlaufend verbessern zu k\u00f6nnen, verwenden wir Cookies. Durch die weitere Nutzung der Webseite stimmen Sie der Verwendung von Cookies zu.\n            <br> Weitere Informationen zu Cookies erhalten Sie in unserer <a id=\"cookie_check\" href=\"https:\/\/moench-werbetechnik-de.dsa-secure.de\/datenschutz\" target=\"_blank\" rel=\"noopener noreferrer\">Datenschutzerkl\u00e4rung<\/a>.<\/p>\n    <\/div>\n    <a href=\"javascript:void(0)\" class=\"dsa-cookie-notice-close\">x<\/a>\n<\/div>\n\n<script src=\"dsa-assets\/cookie.js\"><\/script>\n","protected":false},"excerpt":{"rendered":"<p>CNC lasern &amp; fr\u00e4sen Mit unseren hauseigenen CNC Laser- und CNC Fr\u00e4smaschinen, k\u00f6nnen wir individuell&nbsp; Schilder und Schriftz\u00fcge aus Plattenmaterial&nbsp; in allen Formen bei uns im Betrieb selbst herstellen. Mit der CNC-Fr\u00e4se werden z.b folgende Materialien in Form gebracht: Aluminium-Verbundplatten PVC-Hartschaum Holzwerkstoffe MDF, HDF, CDF-Platten Mit dem CNC-Laser bearbeiten wir folgende&nbsp; Materialien: Acrylglas Gummi Neopren [&hellip;]<\/p>\n","protected":false},"author":1,"featured_media":0,"parent":0,"menu_order":0,"comment_status":"closed","ping_status":"closed","template":"","meta":{"_et_pb_use_builder":"on","_et_pb_old_content":"","_et_gb_content_width":"","ngg_post_thumbnail":0,"footnotes":"","_links_to":"","_links_to_target":""},"class_list":["post-904","page","type-page","status-publish","hentry"],"_links":{"self":[{"href":"https:\/\/www.moench-werbetechnik.de\/index.php?rest_route=\/wp\/v2\/pages\/904","targetHints":{"allow":["GET"]}}],"collection":[{"href":"https:\/\/www.moench-werbetechnik.de\/index.php?rest_route=\/wp\/v2\/pages"}],"about":[{"href":"https:\/\/www.moench-werbetechnik.de\/index.php?rest_route=\/wp\/v2\/types\/page"}],"author":[{"embeddable":true,"href":"https:\/\/www.moench-werbetechnik.de\/index.php?rest_route=\/wp\/v2\/users\/1"}],"replies":[{"embeddable":true,"href":"https:\/\/www.moench-werbetechnik.de\/index.php?rest_route=%2Fwp%2Fv2%2Fcomments&post=904"}],"version-history":[{"count":22,"href":"https:\/\/www.moench-werbetechnik.de\/index.php?rest_route=\/wp\/v2\/pages\/904\/revisions"}],"predecessor-version":[{"id":1652,"href":"https:\/\/www.moench-werbetechnik.de\/index.php?rest_route=\/wp\/v2\/pages\/904\/revisions\/1652"}],"wp:attachment":[{"href":"https:\/\/www.moench-werbetechnik.de\/index.php?rest_route=%2Fwp%2Fv2%2Fmedia&parent=904"}],"curies":[{"name":"wp","href":"https:\/\/api.w.org\/{rel}","templated":true}]}}