{"id":94,"date":"2012-08-21T11:57:24","date_gmt":"2012-08-21T09:57:24","guid":{"rendered":"http:\/\/www.moench-werbetechnik.de\/wordpress\/?page_id=94"},"modified":"2020-09-04T11:24:37","modified_gmt":"2020-09-04T09:24:37","slug":"schilder","status":"publish","type":"page","link":"https:\/\/www.moench-werbetechnik.de\/?page_id=94","title":{"rendered":"Schilder"},"content":{"rendered":"<p>[et_pb_section fb_built=&#8220;1&#8243; fullwidth=&#8220;on&#8220; admin_label=&#8220;section&#8220; _builder_version=&#8220;3.0.47&#8243;][et_pb_fullwidth_slider admin_label=&#8220;Fullwidth Slider&#8220; _builder_version=&#8220;3.16&#8243; background_size=&#8220;default&#8220; background_position=&#8220;default&#8220; box_shadow_style=&#8220;preset6&#8243; box_shadow_blur=&#8220;10px&#8220; box_shadow_color=&#8220;rgba(0,0,0,0.1)&#8220; custom_padding=&#8220;|||&#8220; custom_padding_tablet=&#8220;|||&#8220; custom_padding_phone=&#8220;|||&#8220; remove_inner_shadow=&#8220;off&#8220; hide_content_on_mobile=&#8220;off&#8220; hide_cta_on_mobile=&#8220;off&#8220; show_inner_shadow=&#8220;on&#8220; button_letter_spacing_hover=&#8220;0&#8243; button_text_size__hover_enabled=&#8220;off&#8220; button_one_text_size__hover_enabled=&#8220;off&#8220; button_two_text_size__hover_enabled=&#8220;off&#8220; button_text_color__hover_enabled=&#8220;off&#8220; button_one_text_color__hover_enabled=&#8220;off&#8220; button_two_text_color__hover_enabled=&#8220;off&#8220; button_border_width__hover_enabled=&#8220;off&#8220; button_one_border_width__hover_enabled=&#8220;off&#8220; button_two_border_width__hover_enabled=&#8220;off&#8220; button_border_color__hover_enabled=&#8220;off&#8220; button_one_border_color__hover_enabled=&#8220;off&#8220; button_two_border_color__hover_enabled=&#8220;off&#8220; button_border_radius__hover_enabled=&#8220;off&#8220; button_one_border_radius__hover_enabled=&#8220;off&#8220; button_two_border_radius__hover_enabled=&#8220;off&#8220; button_letter_spacing__hover_enabled=&#8220;on&#8220; button_letter_spacing__hover=&#8220;0&#8243; button_one_letter_spacing__hover_enabled=&#8220;off&#8220; button_two_letter_spacing__hover_enabled=&#8220;off&#8220; button_bg_color__hover_enabled=&#8220;off&#8220; button_one_bg_color__hover_enabled=&#8220;off&#8220; button_two_bg_color__hover_enabled=&#8220;off&#8220;][et_pb_slide heading=&#8220;Schilder&#8220; button_text=&#8220;Sichtschutz&#8220; button_link=&#8220;\/?page_id=147&#8243; use_bg_overlay=&#8220;off&#8220; use_text_overlay=&#8220;off&#8220; _builder_version=&#8220;3.16&#8243; header_font=&#8220;||||&#8220; body_font=&#8220;||||&#8220; background_color=&#8220;#ffffff&#8220; background_image=&#8220;\/wp-content\/uploads\/2012\/08\/20120626_142804.jpg&#8220; background_size=&#8220;default&#8220; background_position=&#8220;default&#8220; custom_button=&#8220;on&#8220; button_border_radius=&#8220;0&#8243; button_font=&#8220;||||&#8220; button_use_icon=&#8220;default&#8220; button_icon_placement=&#8220;right&#8220; button_on_hover=&#8220;on&#8220; button_text_size__hover_enabled=&#8220;off&#8220; button_one_text_size__hover_enabled=&#8220;off&#8220; button_two_text_size__hover_enabled=&#8220;off&#8220; button_text_color__hover_enabled=&#8220;off&#8220; button_one_text_color__hover_enabled=&#8220;off&#8220; button_two_text_color__hover_enabled=&#8220;off&#8220; button_border_width__hover_enabled=&#8220;off&#8220; button_one_border_width__hover_enabled=&#8220;off&#8220; button_two_border_width__hover_enabled=&#8220;off&#8220; button_border_color__hover_enabled=&#8220;off&#8220; button_one_border_color__hover_enabled=&#8220;off&#8220; button_two_border_color__hover_enabled=&#8220;off&#8220; button_border_radius__hover_enabled=&#8220;off&#8220; button_one_border_radius__hover_enabled=&#8220;off&#8220; button_two_border_radius__hover_enabled=&#8220;off&#8220; button_letter_spacing__hover_enabled=&#8220;off&#8220; button_one_letter_spacing__hover_enabled=&#8220;off&#8220; button_two_letter_spacing__hover_enabled=&#8220;off&#8220; button_bg_color__hover_enabled=&#8220;off&#8220; button_one_bg_color__hover_enabled=&#8220;off&#8220; button_two_bg_color__hover_enabled=&#8220;off&#8220;][\/et_pb_slide][\/et_pb_fullwidth_slider][\/et_pb_section][et_pb_section fb_built=&#8220;1&#8243; admin_label=&#8220;section&#8220; _builder_version=&#8220;3.0.47&#8243;][et_pb_row admin_label=&#8220;row&#8220; _builder_version=&#8220;3.0.48&#8243; background_size=&#8220;initial&#8220; background_position=&#8220;top_left&#8220; background_repeat=&#8220;repeat&#8220;][et_pb_column type=&#8220;1_3&#8243; _builder_version=&#8220;3.0.47&#8243;][et_pb_text admin_label=&#8220;Text&#8220; _builder_version=&#8220;3.0.87&#8243; background_size=&#8220;initial&#8220; background_position=&#8220;top_left&#8220; background_repeat=&#8220;repeat&#8220; use_border_color=&#8220;off&#8220; border_color=&#8220;#ffffff&#8220; border_style=&#8220;solid&#8220;]<\/p>\n<ul>\n<li>Firmenschilder<\/li>\n<li>Wegweiser<\/li>\n<li>Praxisschilder<\/li>\n<li>Bauschilder<\/li>\n<li>Werbeschilder<\/li>\n<li>Hinwei\u00dfschilder<\/li>\n<li>[uvm.]<\/li>\n<\/ul>\n<p>aus PCV-Hartschaum, Aluminium-Verbundplatte und Acrylglas.<\/p>\n<p>Wir sorgen daf\u00fcr, dass Ihr Logo und Ihre Werbebotschaft f\u00fcr Ihre Zielgruppe sichtbar wird. Professionell produziert und perfekt platzierte Au\u00dfenwerbung ist wirkungsvoll und zielgerichtet.<\/p>\n<p>Gerne \u00fcbernehmen wir die Montage ihrer Schilder, hierf\u00fcr stehen verschiedene tempor\u00e4re und dauerhafte Befestigungsm\u00f6glichkeiten zur Verf\u00fcgung, die wir Ihnen gerne pers\u00f6nlich oder telefonisch erl\u00e4utern.<\/p>\n<p>[\/et_pb_text][\/et_pb_column][et_pb_column type=&#8220;2_3&#8243; _builder_version=&#8220;3.0.47&#8243;][et_pb_gallery gallery_ids=&#8220;495,578,497,499,500,502,630,626&#8243; fullwidth=&#8220;on&#8220; admin_label=&#8220;Gallery&#8220; _builder_version=&#8220;3.0.47&#8243;][\/et_pb_gallery][\/et_pb_column][\/et_pb_row][\/et_pb_section]<\/p>\n\n\n<link rel=\"stylesheet\" href=\"dsa-assets\/cookie.css\">\n\n<div class=\"bewertungen-banner\">\n    <a href=\"https:\/\/www.moench-werbetechnik.de\/?page_id=1419\">Rezensionen &amp; bewerten<\/a>\n<\/div>\n\n\n<div class=\"dsa-cookie-notice\">\n    <div class=\"cookie-inner\">\n        <p>Um unsere Webseite f\u00fcr Sie optimal zu gestalten und fortlaufend verbessern zu k\u00f6nnen, verwenden wir Cookies. Durch die weitere Nutzung der Webseite stimmen Sie der Verwendung von Cookies zu.\n            <br> Weitere Informationen zu Cookies erhalten Sie in unserer <a id=\"cookie_check\" href=\"https:\/\/moench-werbetechnik-de.dsa-secure.de\/datenschutz\" target=\"_blank\" rel=\"noopener noreferrer\">Datenschutzerkl\u00e4rung<\/a>.<\/p>\n    <\/div>\n    <a href=\"javascript:void(0)\" class=\"dsa-cookie-notice-close\">x<\/a>\n<\/div>\n\n<script src=\"dsa-assets\/cookie.js\"><\/script>\n","protected":false},"excerpt":{"rendered":"<p>Firmenschilder Wegweiser Praxisschilder Bauschilder Werbeschilder Hinwei\u00dfschilder [uvm.] aus PCV-Hartschaum, Aluminium-Verbundplatte und Acrylglas. Wir sorgen daf\u00fcr, dass Ihr Logo und Ihre Werbebotschaft f\u00fcr Ihre Zielgruppe sichtbar wird. Professionell produziert und perfekt platzierte Au\u00dfenwerbung ist wirkungsvoll und zielgerichtet. Gerne \u00fcbernehmen wir die Montage ihrer Schilder, hierf\u00fcr stehen verschiedene tempor\u00e4re und dauerhafte Befestigungsm\u00f6glichkeiten zur Verf\u00fcgung, die wir Ihnen [&hellip;]<\/p>\n","protected":false},"author":1,"featured_media":0,"parent":7,"menu_order":0,"comment_status":"closed","ping_status":"closed","template":"","meta":{"_et_pb_use_builder":"on","_et_pb_old_content":"Firmenschilder, Wegweiser,\r\nPraxisschilder, Bauschilder,\r\nWerbeschilder, ...\r\n\r\naus PCV-Hartschum, Aluminium-Verbunplatte und Acrylglas.\r\n\r\nGerne \u00fcbernehmen wir die Montage ihrer Schilder, hierf\u00fcr stehen verschiedene Befestigungsm\u00f6glichkeiten zur Verf\u00fcgung.","_et_gb_content_width":"","ngg_post_thumbnail":0,"footnotes":"","_links_to":"","_links_to_target":""},"class_list":["post-94","page","type-page","status-publish","hentry","page_tags-acrylglas","page_tags-alu-verbund","page_tags-aufkleber","page_tags-beschriftung","page_tags-dibond","page_tags-digitaldruck","page_tags-folienbeschriftung","page_tags-folienschriften","page_tags-forex","page_tags-hartschaum","page_tags-leichtschaum","page_tags-plexiglas","page_tags-pvc","page_tags-schaufenster","page_tags-schaufensterbeschriftung","page_tags-schriften"],"_links":{"self":[{"href":"https:\/\/www.moench-werbetechnik.de\/index.php?rest_route=\/wp\/v2\/pages\/94","targetHints":{"allow":["GET"]}}],"collection":[{"href":"https:\/\/www.moench-werbetechnik.de\/index.php?rest_route=\/wp\/v2\/pages"}],"about":[{"href":"https:\/\/www.moench-werbetechnik.de\/index.php?rest_route=\/wp\/v2\/types\/page"}],"author":[{"embeddable":true,"href":"https:\/\/www.moench-werbetechnik.de\/index.php?rest_route=\/wp\/v2\/users\/1"}],"replies":[{"embeddable":true,"href":"https:\/\/www.moench-werbetechnik.de\/index.php?rest_route=%2Fwp%2Fv2%2Fcomments&post=94"}],"version-history":[{"count":13,"href":"https:\/\/www.moench-werbetechnik.de\/index.php?rest_route=\/wp\/v2\/pages\/94\/revisions"}],"predecessor-version":[{"id":1622,"href":"https:\/\/www.moench-werbetechnik.de\/index.php?rest_route=\/wp\/v2\/pages\/94\/revisions\/1622"}],"up":[{"embeddable":true,"href":"https:\/\/www.moench-werbetechnik.de\/index.php?rest_route=\/wp\/v2\/pages\/7"}],"wp:attachment":[{"href":"https:\/\/www.moench-werbetechnik.de\/index.php?rest_route=%2Fwp%2Fv2%2Fmedia&parent=94"}],"curies":[{"name":"wp","href":"https:\/\/api.w.org\/{rel}","templated":true}]}}